{"id":187,"date":"2025-02-06T12:05:14","date_gmt":"2025-02-06T11:05:14","guid":{"rendered":"https:\/\/5digitosproduccion.es\/?page_id=187"},"modified":"2025-02-10T11:41:50","modified_gmt":"2025-02-10T10:41:50","slug":"mentoria-digital","status":"publish","type":"page","link":"https:\/\/5digitosproduccion.es\/?page_id=187","title":{"rendered":"Mentor\u00eda digital"},"content":{"rendered":"<section class=\"l-section wpb_row us_custom_f9d0b101 height_medium color_primary with_img parallax_ver parallaxdir_reversed\"><div class=\"l-section-img\" role=\"img\" data-img-width=\"1280\" data-img-height=\"853\" style=\"background-image: url(https:\/\/5digitosproduccion.es\/wp-content\/uploads\/2025\/02\/mentoria_digital_2.jpg);background-repeat: no-repeat;\"><\/div><div class=\"l-section-overlay\" style=\"background:rgba(15,19,31,0.45)\"><\/div><div class=\"l-section-h i-cf\"><div class=\"g-cols vc_row via_grid cols_1 laptops-cols_inherit tablets-cols_inherit mobiles-cols_1 valign_middle type_default stacking_default\" style=\"--gap:0rem;\"><div class=\"wpb_column vc_column_container\"><div class=\"vc_column-inner\"><h1 class=\"w-text us_custom_190d7334 us_animate_this\"><span class=\"w-text-h\"><span class=\"w-text-value\">Mentor\u00eda digital: Transforma tu negocio con estrategia y acci\u00f3n<\/span><\/span><\/h1><div class=\"w-text us_custom_c93f8789 has_text_color us_animate_this\"><span class=\"w-text-h\"><span class=\"w-text-value\">Acompa\u00f1amiento estrat\u00e9gico para hacer crecer tu negocio online<\/span><\/span><\/div><div class=\"w-separator size_medium\"><\/div><div class=\"wpb_text_column us_custom_1970bb68\"><div class=\"wpb_wrapper\"><p>En <b>Gold Marketing<\/b>, creemos que cada negocio es \u00fanico y necesita un enfoque personalizado para alcanzar sus objetivos. Nuestra <b>Mentor\u00eda Digital<\/b> est\u00e1 dise\u00f1ada para <b>emprendedores, empresas y marcas personales<\/b> que buscan optimizar su presencia online, mejorar su estrategia digital y conseguir m\u00e1s clientes con un plan claro y efectivo.<\/p>\n<\/div><\/div><div class=\"w-separator size_medium\"><\/div><div class=\"w-text us_custom_511907f7 has_text_color us_animate_this\"><span class=\"w-text-h\"><span class=\"w-text-value\">Estrategia Digital | Optimizaci\u00f3n | Crecimiento Sostenible<\/span><\/span><\/div><div class=\"w-separator size_medium\"><\/div><div class=\"w-btn-wrapper align_none\"><a class=\"w-btn us-btn-style_4 us_custom_8f2ba1f4 us_animate_this\" href=\"\/contacto\"><span class=\"w-btn-label\">Reserva tu sesi\u00f3n de mentor\u00eda ahora<\/span><\/a><\/div><div class=\"w-separator size_small\"><\/div><\/div><\/div><\/div><\/div><\/section><section class=\"l-section wpb_row height_medium\"><div class=\"l-section-h i-cf\"><div class=\"g-cols vc_row via_grid cols_1 laptops-cols_inherit tablets-cols_inherit mobiles-cols_1 valign_top type_default stacking_default\"><div class=\"wpb_column vc_column_container\"><div class=\"vc_column-inner\"><div class=\"w-separator size_medium\"><\/div><div class=\"g-cols wpb_row us_custom_15f9d3f2 via_grid cols_2-3 laptops-cols_inherit tablets-cols_inherit mobiles-cols_1 valign_middle type_default stacking_default\" style=\"--gap:3rem;\"><div class=\"wpb_column vc_column_container\"><div class=\"vc_column-inner\"><div class=\"w-image has_ratio align_none\"><div class=\"w-image-h\"><div style=\"padding-bottom:100%\"><\/div><img loading=\"lazy\" decoding=\"async\" class=\"g-placeholder\" src=\"https:\/\/5digitosproduccion.es\/wp-content\/plugins\/us-core\/assets\/images\/placeholder.svg\" width=\"1024\" height=\"1024\" alt><\/div><\/div><\/div><\/div><div class=\"wpb_column vc_column_container\"><div class=\"vc_column-inner\"><h2 class=\"w-text us_custom_d839199a has_text_color us_animate_this\"><span class=\"w-text-h\"><span class=\"w-text-value\">\u00bfQu\u00e9 es una Mentor\u00eda Digital y c\u00f3mo puede ayudarte?<\/span><\/span><\/h2><div class=\"wpb_text_column\"><div class=\"wpb_wrapper\"><p>Nuestra <b>Mentor\u00eda Digital<\/b> es un proceso de acompa\u00f1amiento <b>100% personalizado<\/b>, donde te ayudamos a dise\u00f1ar, optimizar y ejecutar estrategias digitales efectivas<\/p>\n<\/div><\/div><div class=\"w-separator size_small\"><\/div><div class=\"w-separator size_small\"><\/div><div class=\"w-text us_custom_3412bfaf icon_atleft\"><span class=\"w-text-h\"><i class=\"fas fa-star\"><\/i><span class=\"w-text-value\">\u00bfQuieres atraer m\u00e1s clientes online?<\/span><\/span><\/div><div class=\"w-text us_custom_3412bfaf icon_atleft\"><span class=\"w-text-h\"><i class=\"fas fa-star\"><\/i><span class=\"w-text-value\">\u00bfNecesitas mejorar tu presencia en redes sociales?<\/span><\/span><\/div><div class=\"w-text us_custom_3412bfaf icon_atleft\"><span class=\"w-text-h\"><i class=\"fas fa-star\"><\/i><span class=\"w-text-value\">\u00bfTienes una web, pero no est\u00e1 generando resultados?<\/span><\/span><\/div><div class=\"w-text us_custom_3412bfaf icon_atleft\"><span class=\"w-text-h\"><i class=\"fas fa-star\"><\/i><span class=\"w-text-value\">\u00bfTe gustar\u00eda aprender a gestionar tu marketing digital con autonom\u00eda?<\/span><\/span><\/div><div class=\"w-separator size_small\"><\/div><div class=\"w-text us_custom_4ea1c8c3 has_text_color\"><span class=\"w-text-h\"><span class=\"w-text-value\">Si has respondido s\u00ed a alguna de estas preguntas, nuestra Mentor\u00eda Digital es para ti.<\/span><\/span><\/div><div class=\"w-separator size_small\"><\/div><div class=\"w-btn-wrapper align_none\"><a class=\"w-btn us-btn-style_1 icon_atright\" href=\"\/contacto\"><span class=\"w-btn-label\">Empieza hoy mismo<\/span><i class=\"fas fa-thumbtack\"><\/i><\/a><\/div><\/div><\/div><\/div><\/div><\/div><\/div><\/div><\/section><section class=\"l-section wpb_row height_medium\"><div class=\"l-section-overlay\" style=\"background:var(--color-content-bg-alt)\"><\/div><div class=\"l-section-h i-cf\"><div class=\"g-cols vc_row via_grid cols_1 laptops-cols_inherit tablets-cols_inherit mobiles-cols_1 valign_top type_default stacking_default\"><div class=\"wpb_column vc_column_container\"><div class=\"vc_column-inner\"><div class=\"g-cols wpb_row us_custom_15f9d3f2 via_grid cols_1 laptops-cols_inherit tablets-cols_inherit mobiles-cols_1 valign_middle type_default stacking_default\" style=\"--gap:3rem;\"><div class=\"wpb_column vc_column_container\"><div class=\"vc_column-inner\"><h2 class=\"w-text us_custom_d839199a has_text_color us_animate_this\"><span class=\"w-text-h\"><span class=\"w-text-value\">\u00bfQu\u00e9 incluye nuestra Mentor\u00eda Digital?<\/span><\/span><\/h2><div class=\"w-text us_custom_3412bfaf icon_atleft\"><span class=\"w-text-h\"><i class=\"fas fa-star\"><\/i><span class=\"w-text-value\">Auditor\u00eda inicial \u2192 Analizamos tu situaci\u00f3n actual y detectamos oportunidades.<\/span><\/span><\/div><div class=\"w-text us_custom_3412bfaf icon_atleft\"><span class=\"w-text-h\"><i class=\"fas fa-star\"><\/i><span class=\"w-text-value\">Definici\u00f3n de objetivos \u2192 Establecemos metas claras y alcanzables.<\/span><\/span><\/div><div class=\"w-text us_custom_3412bfaf icon_atleft\"><span class=\"w-text-h\"><i class=\"fas fa-star\"><\/i><span class=\"w-text-value\">Estrategia personalizada \u2192 Dise\u00f1amos un plan de acci\u00f3n adaptado a tu negocio.<\/span><\/span><\/div><div class=\"w-text us_custom_3412bfaf icon_atleft\"><span class=\"w-text-h\"><i class=\"fas fa-star\"><\/i><span class=\"w-text-value\">Implementaci\u00f3n y optimizaci\u00f3n \u2192 Te guiamos en cada paso y optimizamos en el camino.<\/span><\/span><\/div><div class=\"w-text us_custom_3412bfaf icon_atleft\"><span class=\"w-text-h\"><i class=\"fas fa-star\"><\/i><span class=\"w-text-value\">eguimiento y soporte \u2192 Evaluamos resultados y ajustamos la estrategia seg\u00fan sea necesario.<\/span><\/span><\/div><div class=\"w-separator size_small\"><\/div><div class=\"w-text us_custom_4ea1c8c3 has_text_color\"><span class=\"w-text-h\"><span class=\"w-text-value\">Empieza a escalar tu negocio con nosotros<\/span><\/span><\/div><div class=\"w-separator size_small\"><\/div><div class=\"w-btn-wrapper align_none\"><a class=\"w-btn us-btn-style_1 icon_atright\" href=\"\/contacto\"><span class=\"w-btn-label\">Descubre m\u00e1s<\/span><i class=\"fas fa-search\"><\/i><\/a><\/div><\/div><\/div><\/div><\/div><\/div><\/div><\/div><\/section><section class=\"l-section wpb_row height_medium\"><div class=\"l-section-h i-cf\"><div class=\"g-cols vc_row via_grid cols_1 laptops-cols_inherit tablets-cols_inherit mobiles-cols_1 valign_top type_default stacking_default\"><div class=\"wpb_column vc_column_container\"><div class=\"vc_column-inner\"><div class=\"g-cols wpb_row us_custom_15f9d3f2 via_grid cols_1 laptops-cols_inherit tablets-cols_inherit mobiles-cols_1 valign_middle type_default stacking_default\" style=\"--gap:3rem;\"><div class=\"wpb_column vc_column_container\"><div class=\"vc_column-inner\"><div class=\"w-text us_custom_d839199a has_text_color us_animate_this\"><span class=\"w-text-h\"><span class=\"w-text-value\">\u00bfPara qui\u00e9n es nuestra Mentor\u00eda Digital?<\/span><\/span><\/div><div class=\"w-separator size_small\"><\/div><div class=\"w-text us_custom_3412bfaf icon_atleft\"><span class=\"w-text-h\"><i class=\"fas fa-star\"><\/i><span class=\"w-text-value\">Emprendedores que desean mejorar su visibilidad y ventas online.<\/span><\/span><\/div><div class=\"w-text us_custom_3412bfaf icon_atleft\"><span class=\"w-text-h\"><i class=\"fas fa-star\"><\/i><span class=\"w-text-value\">Empresas que necesitan optimizar su estrategia digital y generar m\u00e1s clientes.<\/span><\/span><\/div><div class=\"w-text us_custom_3412bfaf icon_atleft\"><span class=\"w-text-h\"><i class=\"fas fa-star\"><\/i><span class=\"w-text-value\">Marcas personales que buscan construir una presencia digital s\u00f3lida y rentable.<\/span><\/span><\/div><div class=\"w-text us_custom_3412bfaf icon_atleft\"><span class=\"w-text-h\"><i class=\"fas fa-star\"><\/i><span class=\"w-text-value\">Equipos de marketing que requieren formaci\u00f3n en estrategias digitales actualizadas.<\/span><\/span><\/div><div class=\"w-separator size_small\"><\/div><div class=\"w-text us_custom_4ea1c8c3 has_text_color\"><span class=\"w-text-h\"><span class=\"w-text-value\">Si quieres mejorar tu estrategia digital, esta mentor\u00eda es para ti.<\/span><\/span><\/div><div class=\"w-separator size_small\"><\/div><div class=\"w-btn-wrapper align_none\"><a class=\"w-btn us-btn-style_1 icon_atright\" href=\"\/contacto\"><span class=\"w-btn-label\">Cont\u00e1ctanos ahora<\/span><i class=\"fas fa-paper-plane\"><\/i><\/a><\/div><\/div><\/div><\/div><\/div><\/div><\/div><\/div><\/section><section class=\"l-section wpb_row height_medium\"><div class=\"l-section-overlay\" style=\"background:var(--color-content-bg-alt)\"><\/div><div class=\"l-section-h i-cf\"><div class=\"g-cols vc_row via_grid cols_1 laptops-cols_inherit tablets-cols_inherit mobiles-cols_1 valign_top type_default stacking_default\"><div class=\"wpb_column vc_column_container\"><div class=\"vc_column-inner\"><div class=\"g-cols wpb_row us_custom_15f9d3f2 via_grid cols_2-1 laptops-cols_inherit tablets-cols_inherit mobiles-cols_1 valign_middle type_default reversed stacking_default\" style=\"--gap:3rem;\"><div class=\"wpb_column vc_column_container\"><div class=\"vc_column-inner\"><h2 class=\"w-text us_custom_d839199a has_text_color us_animate_this\"><span class=\"w-text-h\"><span class=\"w-text-value\">Beneficios de nuestra Mentor\u00eda Digital<\/span><\/span><\/h2><div class=\"w-text us_custom_3412bfaf icon_atleft\"><span class=\"w-text-h\"><i class=\"fas fa-star\"><\/i><span class=\"w-text-value\">Acelera el crecimiento de tu negocio online con estrategias efectivas.<\/span><\/span><\/div><div class=\"w-text us_custom_3412bfaf icon_atleft\"><span class=\"w-text-h\"><i class=\"fas fa-star\"><\/i><span class=\"w-text-value\">Evita errores y p\u00e9rdida de tiempo con un plan de acci\u00f3n claro.<\/span><\/span><\/div><div class=\"w-text us_custom_3412bfaf icon_atleft\"><span class=\"w-text-h\"><i class=\"fas fa-star\"><\/i><span class=\"w-text-value\">Aprende a gestionar tu marketing digital con autonom\u00eda.<\/span><\/span><\/div><div class=\"w-text us_custom_3412bfaf icon_atleft\"><span class=\"w-text-h\"><i class=\"fas fa-star\"><\/i><span class=\"w-text-value\">Optimiza tu inversi\u00f3n en publicidad y redes sociales para obtener mejores resultados.<\/span><\/span><\/div><div class=\"w-text us_custom_3412bfaf icon_atleft\"><span class=\"w-text-h\"><i class=\"fas fa-star\"><\/i><span class=\"w-text-value\">Toma decisiones basadas en datos y no en suposiciones.<\/span><\/span><\/div><div class=\"w-separator size_small\"><\/div><div class=\"w-text us_custom_4ea1c8c3 has_text_color\"><span class=\"w-text-h\"><span class=\"w-text-value\">Agenda tu sesi\u00f3n de Mentor\u00eda Digital ahora<\/span><\/span><\/div><div class=\"w-separator size_small\"><\/div><div class=\"w-btn-wrapper align_none\"><a class=\"w-btn us-btn-style_1 icon_atright\" href=\"\/contacto\"><span class=\"w-btn-label\">Contacta<\/span><i class=\"fas fa-paper-plane\"><\/i><\/a><\/div><\/div><\/div><div class=\"wpb_column vc_column_container\"><div class=\"vc_column-inner\"><div class=\"w-image has_ratio align_none\"><div class=\"w-image-h\"><div style=\"padding-bottom:100%\"><\/div><img loading=\"lazy\" decoding=\"async\" class=\"g-placeholder\" src=\"https:\/\/5digitosproduccion.es\/wp-content\/plugins\/us-core\/assets\/images\/placeholder.svg\" width=\"1024\" height=\"1024\" alt><\/div><\/div><\/div><\/div><\/div><\/div><\/div><\/div><\/div><\/section><section class=\"l-section wpb_row height_medium width_custom\" style=\"--site-content-width:900px;\" id=\"section-02\"><div class=\"l-section-h i-cf\"><div class=\"g-cols vc_row via_grid cols_1 laptops-cols_inherit tablets-cols_inherit mobiles-cols_1 valign_top type_default stacking_default\"><div class=\"wpb_column vc_column_container\"><div class=\"vc_column-inner\"><h2 class=\"w-text us_custom_d839199a has_text_color us_animate_this\"><span class=\"w-text-h\"><span class=\"w-text-value\">Casos de \u00e9xito: C\u00f3mo nuestra Mentor\u00eda Digital ha ayudado a otros negocios<\/span><\/span><\/h2><div class=\"w-separator size_medium\"><\/div><div class=\"g-cols wpb_row us_custom_33b9ee00 via_grid cols_2 laptops-cols_inherit tablets-cols_2 mobiles-cols_1 valign_top type_default stacking_default\" style=\"--gap:3rem;\"><div class=\"wpb_column vc_column_container\"><div class=\"vc_column-inner\"><div class=\"w-image has_ratio align_none\"><div class=\"w-image-h\"><div style=\"padding-bottom:100%\"><\/div><img loading=\"lazy\" decoding=\"async\" width=\"1200\" height=\"1200\" src=\"https:\/\/5digitosproduccion.es\/wp-content\/uploads\/2025\/02\/Caso-de-exito-IFP-min.jpg\" class=\"attachment-full size-full\" alt=\"\" srcset=\"https:\/\/5digitosproduccion.es\/wp-content\/uploads\/2025\/02\/Caso-de-exito-IFP-min.jpg 1200w, https:\/\/5digitosproduccion.es\/wp-content\/uploads\/2025\/02\/Caso-de-exito-IFP-min-300x300.jpg 300w, https:\/\/5digitosproduccion.es\/wp-content\/uploads\/2025\/02\/Caso-de-exito-IFP-min-1024x1024.jpg 1024w, https:\/\/5digitosproduccion.es\/wp-content\/uploads\/2025\/02\/Caso-de-exito-IFP-min-150x150.jpg 150w\" sizes=\"auto, (max-width: 1200px) 100vw, 1200px\" \/><\/div><\/div><h5 class=\"w-text us_custom_771cfa3e\"><span class=\"w-text-h\"><span class=\"w-text-value\">Caso de \u00c9xito #1<\/span><\/span><\/h5><div class=\"wpb_text_column\"><div class=\"wpb_wrapper\"><p><b>IFP Formaci\u00f3n Profesional<br \/>\n<\/b><\/p>\n<ul>\n<li><b>Desaf\u00edo:<\/b> Aumentar la captaci\u00f3n de alumnos mediante estrategias digitales.<br \/>\n<b><\/b><\/li>\n<li><b>Soluci\u00f3n:<\/b> Implementamos una estrategia de contenidos y anuncios segmentados.<br \/>\n<b><\/b><\/li>\n<li><b>Resultado:<\/b> La competencia decidi\u00f3 comprar la empresa para evitar rivalizar.<\/li>\n<\/ul>\n<\/div><\/div><\/div><\/div><div class=\"wpb_column vc_column_container\"><div class=\"vc_column-inner\"><div class=\"w-image has_ratio align_none\"><div class=\"w-image-h\"><div style=\"padding-bottom:100%\"><\/div><img loading=\"lazy\" decoding=\"async\" width=\"150\" height=\"150\" src=\"https:\/\/5digitosproduccion.es\/wp-content\/uploads\/2025\/02\/Caso-de-exito-Oncotraining-150x150-min.jpg\" class=\"attachment-full size-full\" alt=\"\" \/><\/div><\/div><h5 class=\"w-text us_custom_771cfa3e\"><span class=\"w-text-h\"><span class=\"w-text-value\">Caso de \u00c9xito #<\/span><\/span><\/h5><div class=\"wpb_text_column\"><div class=\"wpb_wrapper\"><p><b>Oncotraining<br \/>\n<\/b><\/p>\n<ul>\n<li><b>Desaf\u00edo:<\/b> Posicionar un nuevo centro de entrenamiento especializado en pacientes oncol\u00f3gicos.<br \/>\n<b><\/b><\/li>\n<li><b>Soluci\u00f3n:<\/b> Desarrollo de branding, estrategia digital y SEO.<br \/>\n<b><\/b><\/li>\n<li><b>Resultado:<\/b> Se consolid\u00f3 como l\u00edder en su sector en menos de un a\u00f1o.<\/li>\n<\/ul>\n<\/div><\/div><\/div><\/div><\/div><div class=\"w-separator size_medium\"><\/div><div class=\"w-text us_custom_99e655ae has_text_color\"><span class=\"w-text-h\"><span class=\"w-text-value\">\u00bfQuieres ser nuestro pr\u00f3ximo caso de \u00e9xito?<\/span><\/span><\/div><div class=\"w-separator size_small\"><\/div><div class=\"w-btn-wrapper align_center\"><a class=\"w-btn us-btn-style_1 icon_atright\" href=\"\/contacto\"><span class=\"w-btn-label\">\u00a1Hablemos ahora!<\/span><i class=\"fas fa-comments\"><\/i><\/a><\/div><\/div><\/div><\/div><\/div><\/section><section class=\"l-section wpb_row height_medium\"><div class=\"l-section-overlay\" style=\"background:var(--color-content-bg-alt)\"><\/div><div class=\"l-section-h i-cf\"><div class=\"g-cols vc_row via_grid cols_1 laptops-cols_inherit tablets-cols_inherit mobiles-cols_1 valign_top type_default stacking_default\"><div class=\"wpb_column vc_column_container\"><div class=\"vc_column-inner\"><div class=\"g-cols wpb_row us_custom_15f9d3f2 via_grid cols_2 laptops-cols_inherit tablets-cols_inherit mobiles-cols_1 valign_middle type_default reversed stacking_default\" style=\"--gap:3rem;\"><div class=\"wpb_column vc_column_container\"><div class=\"vc_column-inner\"><h2 class=\"w-text us_custom_d839199a has_text_color us_animate_this\"><span class=\"w-text-h\"><span class=\"w-text-value\">Reserva tu Mentor\u00eda Digital hoy<\/span><\/span><\/h2><div class=\"wpb_text_column\"><div class=\"wpb_wrapper\"><p><strong>No pierdas m\u00e1s tiempo probando sin resultados.<\/strong><br \/>Si quieres un plan estrat\u00e9gico <strong>claro, efectivo y accionable<\/strong>, nuestra <strong>Mentor\u00eda Digital<\/strong> es la soluci\u00f3n.<\/p>\n<\/div><\/div><div class=\"w-separator size_small\"><\/div><p class=\"w-text us_custom_9f0ec696 has_text_color us_animate_this\"><span class=\"w-text-h\"><span class=\"w-text-value\">Reserva tu sesi\u00f3n personalizada ahora y empieza a ver resultados.<\/span><\/span><\/p><div class=\"w-text us_custom_3412bfaf icon_atleft\"><span class=\"w-text-h\"><i class=\"fas fa-star\"><\/i><span class=\"w-text-value\">Duraci\u00f3n: 60 &#8211; 90 min por sesi\u00f3n.<\/span><\/span><\/div><div class=\"w-text us_custom_3412bfaf icon_atleft\"><span class=\"w-text-h\"><i class=\"fas fa-star\"><\/i><span class=\"w-text-value\">Formato: Online \/ Presencial.<\/span><\/span><\/div><div class=\"w-text us_custom_3412bfaf icon_atleft\"><span class=\"w-text-h\"><i class=\"fas fa-star\"><\/i><span class=\"w-text-value\">Metodolog\u00eda: Pr\u00e1ctica y adaptada a tu negocio.<\/span><\/span><\/div><div class=\"w-separator size_small\"><\/div><div class=\"w-btn-wrapper align_none\"><a class=\"w-btn us-btn-style_1 icon_atright\" href=\"\/contacto\"><span class=\"w-btn-label\">Reserva tu sesi\u00f3n aqu\u00ed<\/span><i class=\"fas fa-paper-plane\"><\/i><\/a><\/div><\/div><\/div><div class=\"wpb_column vc_column_container\"><div class=\"vc_column-inner\"><div class=\"w-image has_ratio align_none\"><div class=\"w-image-h\"><div style=\"padding-bottom:100%\"><\/div><img loading=\"lazy\" decoding=\"async\" class=\"g-placeholder\" src=\"https:\/\/5digitosproduccion.es\/wp-content\/plugins\/us-core\/assets\/images\/placeholder.svg\" width=\"1024\" height=\"1024\" alt><\/div><\/div><\/div><\/div><\/div><\/div><\/div><\/div><\/div><\/section>\n","protected":false},"excerpt":{"rendered":"","protected":false},"author":1,"featured_media":346,"parent":153,"menu_order":0,"comment_status":"closed","ping_status":"closed","template":"","meta":{"footnotes":""},"class_list":["post-187","page","type-page","status-publish","has-post-thumbnail","hentry"],"_links":{"self":[{"href":"https:\/\/5digitosproduccion.es\/index.php?rest_route=\/wp\/v2\/pages\/187","targetHints":{"allow":["GET"]}}],"collection":[{"href":"https:\/\/5digitosproduccion.es\/index.php?rest_route=\/wp\/v2\/pages"}],"about":[{"href":"https:\/\/5digitosproduccion.es\/index.php?rest_route=\/wp\/v2\/types\/page"}],"author":[{"embeddable":true,"href":"https:\/\/5digitosproduccion.es\/index.php?rest_route=\/wp\/v2\/users\/1"}],"replies":[{"embeddable":true,"href":"https:\/\/5digitosproduccion.es\/index.php?rest_route=%2Fwp%2Fv2%2Fcomments&post=187"}],"version-history":[{"count":29,"href":"https:\/\/5digitosproduccion.es\/index.php?rest_route=\/wp\/v2\/pages\/187\/revisions"}],"predecessor-version":[{"id":427,"href":"https:\/\/5digitosproduccion.es\/index.php?rest_route=\/wp\/v2\/pages\/187\/revisions\/427"}],"up":[{"embeddable":true,"href":"https:\/\/5digitosproduccion.es\/index.php?rest_route=\/wp\/v2\/pages\/153"}],"wp:featuredmedia":[{"embeddable":true,"href":"https:\/\/5digitosproduccion.es\/index.php?rest_route=\/wp\/v2\/media\/346"}],"wp:attachment":[{"href":"https:\/\/5digitosproduccion.es\/index.php?rest_route=%2Fwp%2Fv2%2Fmedia&parent=187"}],"curies":[{"name":"wp","href":"https:\/\/api.w.org\/{rel}","templated":true}]}}