{"id":203,"date":"2025-02-06T13:13:18","date_gmt":"2025-02-06T12:13:18","guid":{"rendered":"https:\/\/5digitosproduccion.es\/?page_id=203"},"modified":"2025-02-10T11:42:36","modified_gmt":"2025-02-10T10:42:36","slug":"gestion-de-redes-sociales","status":"publish","type":"page","link":"https:\/\/5digitosproduccion.es\/?page_id=203","title":{"rendered":"Gesti\u00f3n de redes sociales"},"content":{"rendered":"<section class=\"l-section wpb_row us_custom_f9d0b101 height_medium color_primary with_img parallax_ver parallaxdir_reversed\"><div class=\"l-section-img\" role=\"img\" data-img-width=\"1280\" data-img-height=\"929\" style=\"background-image: url(https:\/\/5digitosproduccion.es\/wp-content\/uploads\/2025\/02\/marketing_digital.jpg);background-repeat: no-repeat;\"><\/div><div class=\"l-section-overlay\" style=\"background:rgba(15,19,31,0.45)\"><\/div><div class=\"l-section-h i-cf\"><div class=\"g-cols vc_row via_grid cols_1 laptops-cols_inherit tablets-cols_inherit mobiles-cols_1 valign_middle type_default stacking_default\" style=\"--gap:0rem;\"><div class=\"wpb_column vc_column_container\"><div class=\"vc_column-inner\"><h1 class=\"w-text us_custom_190d7334 us_animate_this\"><span class=\"w-text-h\"><span class=\"w-text-value\">Gesti\u00f3n de Redes Sociales: <br \/>Conecta, Crece y Vende en Digital<\/span><\/span><\/h1><div class=\"w-text us_custom_c93f8789 has_text_color us_animate_this\"><span class=\"w-text-h\"><span class=\"w-text-value\">Impulsa tu marca con una estrategia profesional en redes sociales<\/span><\/span><\/div><div class=\"w-separator size_medium\"><\/div><div class=\"wpb_text_column us_custom_1970bb68\"><div class=\"wpb_wrapper\"><p>En <b>Gold Marketing<\/b>, te ayudamos a <b>gestionar tus redes sociales<\/b> con una estrategia efectiva, contenido de calidad y crecimiento org\u00e1nico y de pago. Con una <b>Gesti\u00f3n de Redes Sociales<\/b> profesional, puedes aumentar tu visibilidad, generar engagement y convertir seguidores en clientes.<\/p>\n<\/div><\/div><div class=\"w-separator size_medium\"><\/div><div class=\"w-text us_custom_511907f7 has_text_color us_animate_this\"><span class=\"w-text-h\"><span class=\"w-text-value\">Facebook | Instagram | LinkedIn | TikTok | Twitter<\/span><\/span><\/div><div class=\"w-separator size_small\"><\/div><div class=\"w-text us_custom_511907f7 has_text_color us_animate_this\"><span class=\"w-text-h\"><span class=\"w-text-value\">Estrategia | Contenido | An\u00e1lisis | Crecimiento | Publicidad<\/span><\/span><\/div><div class=\"w-separator size_medium\"><\/div><div class=\"w-btn-wrapper align_none\"><a class=\"w-btn us-btn-style_4 us_custom_8f2ba1f4 us_animate_this\" href=\"\/contacto\"><span class=\"w-btn-label\">Solicita una auditor\u00eda de redes gratis<\/span><\/a><\/div><div class=\"w-separator size_small\"><\/div><\/div><\/div><\/div><\/div><\/section><section class=\"l-section wpb_row height_medium\"><div class=\"l-section-h i-cf\"><div class=\"g-cols vc_row via_grid cols_1 laptops-cols_inherit tablets-cols_inherit mobiles-cols_1 valign_top type_default stacking_default\"><div class=\"wpb_column vc_column_container\"><div class=\"vc_column-inner\"><div class=\"g-cols wpb_row via_grid cols_1 laptops-cols_inherit tablets-cols_inherit mobiles-cols_1 valign_top type_default stacking_default\" style=\"--gap:3rem;\"><div class=\"wpb_column vc_column_container\"><div class=\"vc_column-inner\"><h2 class=\"w-text\"><span class=\"w-text-h\"><span class=\"w-text-value\">Gesti\u00f3n de Redes Sociales<\/span><\/span><\/h2><\/div><\/div><\/div><div class=\"w-separator size_medium\"><\/div><div class=\"g-cols wpb_row us_custom_15f9d3f2 via_grid cols_2-3 laptops-cols_inherit tablets-cols_inherit mobiles-cols_1 valign_middle type_default stacking_default\" style=\"--gap:3rem;\"><div class=\"wpb_column vc_column_container\"><div class=\"vc_column-inner\"><div class=\"w-image has_ratio align_none\"><div class=\"w-image-h\"><div style=\"padding-bottom:100%\"><\/div><img loading=\"lazy\" decoding=\"async\" class=\"g-placeholder\" src=\"https:\/\/5digitosproduccion.es\/wp-content\/plugins\/us-core\/assets\/images\/placeholder.svg\" width=\"1024\" height=\"1024\" alt><\/div><\/div><\/div><\/div><div class=\"wpb_column vc_column_container\"><div class=\"vc_column-inner\"><div class=\"w-text us_custom_d839199a has_text_color us_animate_this\"><span class=\"w-text-h\"><span class=\"w-text-value\">\u00bfPor qu\u00e9 es importante la Gesti\u00f3n de Redes Sociales?<\/span><\/span><\/div><div class=\"w-separator size_small\"><\/div><div class=\"wpb_text_column\"><div class=\"wpb_wrapper\"><p>Hoy en d\u00eda, <b>las redes sociales son el escaparate digital de cualquier negocio<\/b>. Una <b>gesti\u00f3n profesional<\/b> te permite:<\/p>\n<\/div><\/div><div class=\"w-separator size_small\"><\/div><div class=\"w-text us_custom_3412bfaf icon_atleft\"><span class=\"w-text-h\"><i class=\"fas fa-star\"><\/i><span class=\"w-text-value\">Aumentar la visibilidad de tu marca y llegar a m\u00e1s clientes.<\/span><\/span><\/div><div class=\"w-text us_custom_3412bfaf icon_atleft\"><span class=\"w-text-h\"><i class=\"fas fa-star\"><\/i><span class=\"w-text-value\">Crear una comunidad con seguidores fieles y activos.<\/span><\/span><\/div><div class=\"w-text us_custom_3412bfaf icon_atleft\"><span class=\"w-text-h\"><i class=\"fas fa-star\"><\/i><span class=\"w-text-value\">Mejorar la reputaci\u00f3n online con contenido de calidad.<\/span><\/span><\/div><div class=\"w-text us_custom_3412bfaf icon_atleft\"><span class=\"w-text-h\"><i class=\"fas fa-star\"><\/i><span class=\"w-text-value\">Generar tr\u00e1fico a tu web y aumentar ventas.<\/span><\/span><\/div><div class=\"w-text us_custom_3412bfaf icon_atleft\"><span class=\"w-text-h\"><i class=\"fas fa-star\"><\/i><span class=\"w-text-value\">Posicionarte como experto en tu sector.<\/span><\/span><\/div><div class=\"w-separator size_small\"><\/div><div class=\"w-text us_custom_4ea1c8c3 has_text_color\"><span class=\"w-text-h\"><span class=\"w-text-value\">Si no est\u00e1s en redes, tu competencia s\u00ed lo est\u00e1.<\/span><\/span><\/div><div class=\"w-separator size_small\"><\/div><div class=\"w-btn-wrapper align_none\"><a class=\"w-btn us-btn-style_1 icon_atright\" href=\"\/contacto\"><span class=\"w-btn-label\">Empieza hoy mismo<\/span><i class=\"fas fa-paper-plane\"><\/i><\/a><\/div><\/div><\/div><\/div><\/div><\/div><\/div><\/div><\/section><section class=\"l-section wpb_row height_medium\"><div class=\"l-section-overlay\" style=\"background:var(--color-content-bg-alt)\"><\/div><div class=\"l-section-h i-cf\"><div class=\"g-cols vc_row via_grid cols_1 laptops-cols_inherit tablets-cols_inherit mobiles-cols_1 valign_top type_default stacking_default\"><div class=\"wpb_column vc_column_container\"><div class=\"vc_column-inner\"><div class=\"g-cols wpb_row us_custom_15f9d3f2 via_grid cols_3-2 laptops-cols_inherit tablets-cols_inherit mobiles-cols_1 valign_middle type_default reversed stacking_default\" style=\"--gap:3rem;\"><div class=\"wpb_column vc_column_container\"><div class=\"vc_column-inner\"><div class=\"w-text us_custom_d839199a has_text_color us_animate_this\"><span class=\"w-text-h\"><span class=\"w-text-value\">Nuestros servicios de <br \/>Gesti\u00f3n de Redes Sociales<\/span><\/span><\/div><div class=\"w-separator size_small\"><\/div><div class=\"wpb_text_column\"><div class=\"wpb_wrapper\"><p class=\"western\"><span style=\"color: #000000;\"><span style=\"font-size: medium;\"><b>Auditor\u00eda y Estrategia en Redes Sociales<\/b><\/span><\/span><\/p>\n<p>Analizamos tu situaci\u00f3n actual y creamos un plan de acci\u00f3n adaptado a tus objetivos. <strong>Incluye:<\/strong><\/p>\n<\/div><\/div><div class=\"w-separator size_small\"><\/div><div class=\"w-text us_custom_3412bfaf icon_atleft\"><span class=\"w-text-h\"><i class=\"fas fa-star\"><\/i><span class=\"w-text-value\">Evaluaci\u00f3n de tu presencia actual en redes.<\/span><\/span><\/div><div class=\"w-text us_custom_3412bfaf icon_atleft\"><span class=\"w-text-h\"><i class=\"fas fa-star\"><\/i><span class=\"w-text-value\">Benchmarking y an\u00e1lisis de la competencia.<\/span><\/span><\/div><div class=\"w-text us_custom_3412bfaf icon_atleft\"><span class=\"w-text-h\"><i class=\"fas fa-star\"><\/i><span class=\"w-text-value\">Definici\u00f3n de objetivos y estrategia de contenido.<\/span><\/span><\/div><div class=\"w-separator size_small\"><\/div><div class=\"w-text us_custom_4ea1c8c3 has_text_color\"><span class=\"w-text-h\"><span class=\"w-text-value\">Solicita tu estrategia de redes<\/span><\/span><\/div><div class=\"w-separator size_small\"><\/div><div class=\"w-btn-wrapper align_none\"><a class=\"w-btn us-btn-style_1 icon_atright\" href=\"\/contacto\"><span class=\"w-btn-label\">Contacta<\/span><i class=\"fas fa-paper-plane\"><\/i><\/a><\/div><\/div><\/div><div class=\"wpb_column vc_column_container\"><div class=\"vc_column-inner\"><div class=\"w-image has_ratio align_none\"><div class=\"w-image-h\"><div style=\"padding-bottom:100%\"><\/div><img loading=\"lazy\" decoding=\"async\" class=\"g-placeholder\" src=\"https:\/\/5digitosproduccion.es\/wp-content\/plugins\/us-core\/assets\/images\/placeholder.svg\" width=\"1024\" height=\"1024\" alt><\/div><\/div><\/div><\/div><\/div><\/div><\/div><\/div><\/div><\/section><section class=\"l-section wpb_row height_medium\"><div class=\"l-section-h i-cf\"><div class=\"g-cols vc_row via_grid cols_1 laptops-cols_inherit tablets-cols_inherit mobiles-cols_1 valign_top type_default stacking_default\"><div class=\"wpb_column vc_column_container\"><div class=\"vc_column-inner\"><div class=\"g-cols wpb_row us_custom_15f9d3f2 via_grid cols_2-3 laptops-cols_inherit tablets-cols_inherit mobiles-cols_1 valign_middle type_default stacking_default\" style=\"--gap:3rem;\"><div class=\"wpb_column vc_column_container\"><div class=\"vc_column-inner\"><div class=\"w-image has_ratio align_none\"><div class=\"w-image-h\"><div style=\"padding-bottom:100%\"><\/div><img loading=\"lazy\" decoding=\"async\" class=\"g-placeholder\" src=\"https:\/\/5digitosproduccion.es\/wp-content\/plugins\/us-core\/assets\/images\/placeholder.svg\" width=\"1024\" height=\"1024\" alt><\/div><\/div><\/div><\/div><div class=\"wpb_column vc_column_container\"><div class=\"vc_column-inner\"><div class=\"w-text us_custom_d839199a has_text_color us_animate_this\"><span class=\"w-text-h\"><span class=\"w-text-value\">Creaci\u00f3n y Gesti\u00f3n de Contenido<\/span><\/span><\/div><div class=\"w-separator size_small\"><\/div><div class=\"wpb_text_column\"><div class=\"wpb_wrapper\"><p>Dise\u00f1amos contenido atractivo y alineado con tu identidad de marca para aumentar el engagement. <strong>Incluye:<\/strong><\/p>\n<\/div><\/div><div class=\"w-separator size_small\"><\/div><div class=\"w-text us_custom_3412bfaf icon_atleft\"><span class=\"w-text-h\"><i class=\"fas fa-star\"><\/i><span class=\"w-text-value\">Creaci\u00f3n de im\u00e1genes y v\u00eddeos profesionales.<\/span><\/span><\/div><div class=\"w-text us_custom_3412bfaf icon_atleft\"><span class=\"w-text-h\"><i class=\"fas fa-star\"><\/i><span class=\"w-text-value\">Redacci\u00f3n de textos persuasivos y adaptados a cada red social.<\/span><\/span><\/div><div class=\"w-text us_custom_3412bfaf icon_atleft\"><span class=\"w-text-h\"><i class=\"fas fa-star\"><\/i><span class=\"w-text-value\">Calendario editorial con publicaciones estrat\u00e9gicas.<\/span><\/span><\/div><div class=\"w-separator size_small\"><\/div><div class=\"w-text us_custom_4ea1c8c3 has_text_color\"><span class=\"w-text-h\"><span class=\"w-text-value\">D\u00e9janos gestionar tu contenido<\/span><\/span><\/div><div class=\"w-separator size_small\"><\/div><div class=\"w-btn-wrapper align_none\"><a class=\"w-btn us-btn-style_1 icon_atright\" href=\"\/contacto\"><span class=\"w-btn-label\">Contacta<\/span><i class=\"fas fa-paper-plane\"><\/i><\/a><\/div><\/div><\/div><\/div><\/div><\/div><\/div><\/div><\/section><section class=\"l-section wpb_row height_medium\"><div class=\"l-section-overlay\" style=\"background:var(--color-content-bg-alt)\"><\/div><div class=\"l-section-h i-cf\"><div class=\"g-cols vc_row via_grid cols_1 laptops-cols_inherit tablets-cols_inherit mobiles-cols_1 valign_top type_default stacking_default\"><div class=\"wpb_column vc_column_container\"><div class=\"vc_column-inner\"><div class=\"g-cols wpb_row us_custom_15f9d3f2 via_grid cols_3-2 laptops-cols_inherit tablets-cols_inherit mobiles-cols_1 valign_middle type_default reversed stacking_default\" style=\"--gap:3rem;\"><div class=\"wpb_column vc_column_container\"><div class=\"vc_column-inner\"><div class=\"w-text us_custom_d839199a has_text_color us_animate_this\"><span class=\"w-text-h\"><span class=\"w-text-value\">Publicidad en Redes Sociales<br \/> (Social Ads)<\/span><\/span><\/div><div class=\"w-separator size_small\"><\/div><div class=\"wpb_text_column\"><div class=\"wpb_wrapper\"><p>Impulsamos tu negocio con anuncios en <b>Facebook Ads, Instagram Ads, LinkedIn Ads y TikTok Ads<\/b>. <strong>Incluye:<\/strong><\/p>\n<\/div><\/div><div class=\"w-separator size_small\"><\/div><div class=\"w-text us_custom_3412bfaf icon_atleft\"><span class=\"w-text-h\"><i class=\"fas fa-star\"><\/i><span class=\"w-text-value\">Segmentaci\u00f3n precisa para alcanzar a tu p\u00fablico ideal.<\/span><\/span><\/div><div class=\"w-text us_custom_3412bfaf icon_atleft\"><span class=\"w-text-h\"><i class=\"fas fa-star\"><\/i><span class=\"w-text-value\">Creaci\u00f3n de campa\u00f1as optimizadas para conversi\u00f3n.<\/span><\/span><\/div><div class=\"w-text us_custom_3412bfaf icon_atleft\"><span class=\"w-text-h\"><i class=\"fas fa-star\"><\/i><span class=\"w-text-value\">An\u00e1lisis de rendimiento y optimizaci\u00f3n en tiempo real.<\/span><\/span><\/div><div class=\"w-separator size_small\"><\/div><div class=\"w-text us_custom_4ea1c8c3 has_text_color\"><span class=\"w-text-h\"><span class=\"w-text-value\">Lanza tu campa\u00f1a hoy<\/span><\/span><\/div><div class=\"w-separator size_small\"><\/div><div class=\"w-btn-wrapper align_none\"><a class=\"w-btn us-btn-style_1 icon_atright\" href=\"\/contacto\"><span class=\"w-btn-label\">Contacta<\/span><i class=\"fas fa-paper-plane\"><\/i><\/a><\/div><\/div><\/div><div class=\"wpb_column vc_column_container\"><div class=\"vc_column-inner\"><div class=\"w-image has_ratio align_none\"><div class=\"w-image-h\"><div style=\"padding-bottom:100%\"><\/div><img loading=\"lazy\" decoding=\"async\" class=\"g-placeholder\" src=\"https:\/\/5digitosproduccion.es\/wp-content\/plugins\/us-core\/assets\/images\/placeholder.svg\" width=\"1024\" height=\"1024\" alt><\/div><\/div><\/div><\/div><\/div><\/div><\/div><\/div><\/div><\/section><section class=\"l-section wpb_row height_medium\"><div class=\"l-section-h i-cf\"><div class=\"g-cols vc_row via_grid cols_1 laptops-cols_inherit tablets-cols_inherit mobiles-cols_1 valign_top type_default stacking_default\"><div class=\"wpb_column vc_column_container\"><div class=\"vc_column-inner\"><div class=\"g-cols wpb_row us_custom_15f9d3f2 via_grid cols_2-3 laptops-cols_inherit tablets-cols_inherit mobiles-cols_1 valign_middle type_default stacking_default\" style=\"--gap:3rem;\"><div class=\"wpb_column vc_column_container\"><div class=\"vc_column-inner\"><div class=\"w-image has_ratio align_none\"><div class=\"w-image-h\"><div style=\"padding-bottom:100%\"><\/div><img loading=\"lazy\" decoding=\"async\" class=\"g-placeholder\" src=\"https:\/\/5digitosproduccion.es\/wp-content\/plugins\/us-core\/assets\/images\/placeholder.svg\" width=\"1024\" height=\"1024\" alt><\/div><\/div><\/div><\/div><div class=\"wpb_column vc_column_container\"><div class=\"vc_column-inner\"><div class=\"w-text us_custom_d839199a has_text_color us_animate_this\"><span class=\"w-text-h\"><span class=\"w-text-value\">Community Management: <br \/>Interacci\u00f3n y Fidelizaci\u00f3n<\/span><\/span><\/div><div class=\"w-separator size_small\"><\/div><div class=\"wpb_text_column\"><div class=\"wpb_wrapper\"><p>Gestionamos los mensajes, comentarios y la interacci\u00f3n con tu comunidad para fortalecer la relaci\u00f3n con tu audiencia.\u00a0<strong>Incluye:<\/strong><\/p>\n<\/div><\/div><div class=\"w-separator size_small\"><\/div><div class=\"w-text us_custom_3412bfaf icon_atleft\"><span class=\"w-text-h\"><i class=\"fas fa-star\"><\/i><span class=\"w-text-value\">Respuesta a comentarios y mensajes directos<\/span><\/span><\/div><div class=\"w-text us_custom_3412bfaf icon_atleft\"><span class=\"w-text-h\"><i class=\"fas fa-star\"><\/i><span class=\"w-text-value\">Din\u00e1micas para fomentar la participaci\u00f3n<\/span><\/span><\/div><div class=\"w-text us_custom_3412bfaf icon_atleft\"><span class=\"w-text-h\"><i class=\"fas fa-star\"><\/i><span class=\"w-text-value\">Monitoreo de reputaci\u00f3n online<\/span><\/span><\/div><div class=\"w-separator size_small\"><\/div><div class=\"w-text us_custom_4ea1c8c3 has_text_color\"><span class=\"w-text-h\"><span class=\"w-text-value\">Mejora tu engagement ahora<\/span><\/span><\/div><div class=\"w-separator size_small\"><\/div><div class=\"w-btn-wrapper align_none\"><a class=\"w-btn us-btn-style_1 icon_atright\" href=\"\/contacto\"><span class=\"w-btn-label\">Contacta<\/span><i class=\"fas fa-paper-plane\"><\/i><\/a><\/div><\/div><\/div><\/div><\/div><\/div><\/div><\/div><\/section><section class=\"l-section wpb_row height_medium\"><div class=\"l-section-overlay\" style=\"background:var(--color-content-bg-alt)\"><\/div><div class=\"l-section-h i-cf\"><div class=\"g-cols vc_row via_grid cols_1 laptops-cols_inherit tablets-cols_inherit mobiles-cols_1 valign_top type_default stacking_default\"><div class=\"wpb_column vc_column_container\"><div class=\"vc_column-inner\"><div class=\"g-cols wpb_row us_custom_15f9d3f2 via_grid cols_1 laptops-cols_inherit tablets-cols_inherit mobiles-cols_1 valign_middle type_default stacking_default\" style=\"--gap:3rem;\"><div class=\"wpb_column vc_column_container\"><div class=\"vc_column-inner\"><div class=\"w-text us_custom_d839199a has_text_color us_animate_this\"><span class=\"w-text-h\"><span class=\"w-text-value\">\u00bfPara qui\u00e9n es nuestra Gesti\u00f3n de Redes Sociales?<\/span><\/span><\/div><div class=\"w-separator size_small\"><\/div><div class=\"w-text us_custom_3412bfaf icon_atleft\"><span class=\"w-text-h\"><i class=\"fas fa-star\"><\/i><span class=\"w-text-value\">Empresas y negocios que quieren atraer m\u00e1s clientes a trav\u00e9s de redes sociales.<\/span><\/span><\/div><div class=\"w-text us_custom_3412bfaf icon_atleft\"><span class=\"w-text-h\"><i class=\"fas fa-star\"><\/i><span class=\"w-text-value\">Emprendedores que necesitan una estrategia digital efectiva.<\/span><\/span><\/div><div class=\"w-text us_custom_3412bfaf icon_atleft\"><span class=\"w-text-h\"><i class=\"fas fa-star\"><\/i><span class=\"w-text-value\">Marcas personales que buscan visibilidad y autoridad en su sector.<\/span><\/span><\/div><div class=\"w-text us_custom_3412bfaf icon_atleft\"><span class=\"w-text-h\"><i class=\"fas fa-star\"><\/i><span class=\"w-text-value\">Tiendas online que quieren vender m\u00e1s a trav\u00e9s de Instagram y Facebook.<\/span><\/span><\/div><div class=\"w-separator size_small\"><\/div><div class=\"w-text us_custom_4ea1c8c3 has_text_color\"><span class=\"w-text-h\"><span class=\"w-text-value\">Si quieres aprovechar al m\u00e1ximo tus redes, est\u00e1s en el lugar adecuado<\/span><\/span><\/div><div class=\"w-separator size_small\"><\/div><div class=\"w-btn-wrapper align_none\"><a class=\"w-btn us-btn-style_1 icon_atright\" href=\"\/contacto\"><span class=\"w-btn-label\">Cont\u00e1ctanos ahora<\/span><i class=\"fas fa-paper-plane\"><\/i><\/a><\/div><\/div><\/div><\/div><\/div><\/div><\/div><\/div><\/section><section class=\"l-section wpb_row height_medium width_custom\" style=\"--site-content-width:900px;\" id=\"section-02\"><div class=\"l-section-h i-cf\"><div class=\"g-cols vc_row via_grid cols_1 laptops-cols_inherit tablets-cols_inherit mobiles-cols_1 valign_top type_default stacking_default\"><div class=\"wpb_column vc_column_container\"><div class=\"vc_column-inner\"><h2 class=\"w-text us_custom_d839199a has_text_color us_animate_this\"><span class=\"w-text-h\"><span class=\"w-text-value\">Casos de \u00e9xito en Gesti\u00f3n de Redes Sociales<\/span><\/span><\/h2><div class=\"w-separator size_medium\"><\/div><div class=\"g-cols wpb_row us_custom_33b9ee00 via_grid cols_2 laptops-cols_inherit tablets-cols_2 mobiles-cols_1 valign_top type_default stacking_default\" style=\"--gap:3rem;\"><div class=\"wpb_column vc_column_container\"><div class=\"vc_column-inner\"><div class=\"w-image has_ratio align_none\"><div class=\"w-image-h\"><div style=\"padding-bottom:100%\"><\/div><img loading=\"lazy\" decoding=\"async\" width=\"150\" height=\"150\" src=\"https:\/\/5digitosproduccion.es\/wp-content\/uploads\/2025\/02\/Caso-de-exito-Villa-Asesores-150x150-min.jpg\" class=\"attachment-large size-large\" alt=\"\" \/><\/div><\/div><h5 class=\"w-text us_custom_771cfa3e\"><span class=\"w-text-h\"><span class=\"w-text-value\">Caso de \u00c9xito #1<\/span><\/span><\/h5><div class=\"wpb_text_column\"><div class=\"wpb_wrapper\"><p><b>La Villa Asesores<br \/><\/b><\/p>\n<ul>\n<li><b>Desaf\u00edo:<\/b> Aumentar su comunidad en redes y atraer m\u00e1s clientes.<br \/><b><\/b><\/li>\n<li><b>Soluci\u00f3n:<\/b> Estrategia de contenido informativo y campa\u00f1as de Social Ads.<br \/><b><\/b><\/li>\n<li><b>Resultado:<\/b> Crecimiento del 300% en engagement y mayor captaci\u00f3n de leads.<\/li>\n<\/ul>\n<\/div><\/div><\/div><\/div><div class=\"wpb_column vc_column_container\"><div class=\"vc_column-inner\"><div class=\"w-image has_ratio align_none\"><div class=\"w-image-h\"><div style=\"padding-bottom:100%\"><\/div><img loading=\"lazy\" decoding=\"async\" width=\"150\" height=\"150\" src=\"https:\/\/5digitosproduccion.es\/wp-content\/uploads\/2025\/02\/Caso-de-exito-Oncotraining-150x150-min.jpg\" class=\"attachment-full size-full\" alt=\"\" \/><\/div><\/div><h5 class=\"w-text us_custom_771cfa3e\"><span class=\"w-text-h\"><span class=\"w-text-value\">Caso de \u00c9xito #2<\/span><\/span><\/h5><div class=\"wpb_text_column\"><div class=\"wpb_wrapper\"><p><b>Oncotraining<br \/><\/b><\/p>\n<ul>\n<li><b>Desaf\u00edo:<\/b> Crear una comunidad fiel para su centro de entrenamiento.<br \/><b><\/b><\/li>\n<li><b>Soluci\u00f3n:<\/b> Publicaciones educativas y campa\u00f1as de fidelizaci\u00f3n.<br \/><b><\/b><\/li>\n<li><b>Resultado:<\/b> Aumento del 200% en interacciones y clientes recurrentes.<\/li>\n<\/ul>\n<\/div><\/div><\/div><\/div><\/div><div class=\"w-separator size_medium\"><\/div><div class=\"w-text us_custom_9a57393d has_text_color\"><span class=\"w-text-h\"><span class=\"w-text-value\">\u00bfQuieres resultados como estos?<\/span><\/span><\/div><div class=\"w-separator size_small\"><\/div><div class=\"w-btn-wrapper align_center\"><a class=\"w-btn us-btn-style_1 icon_atright\" href=\"\/contacto\"><span class=\"w-btn-label\">Hablemos ahora<\/span><i class=\"fas fa-comments\"><\/i><\/a><\/div><\/div><\/div><\/div><\/div><\/section><section class=\"l-section wpb_row height_medium\"><div class=\"l-section-overlay\" style=\"background:var(--color-content-bg-alt)\"><\/div><div class=\"l-section-h i-cf\"><div class=\"g-cols vc_row via_grid cols_1 laptops-cols_inherit tablets-cols_inherit mobiles-cols_1 valign_top type_default stacking_default\"><div class=\"wpb_column vc_column_container\"><div class=\"vc_column-inner\"><h2 class=\"w-text us_custom_932b9e6f us_animate_this\"><span class=\"w-text-h\"><span class=\"w-text-value\">Empieza con una <br \/> Gesti\u00f3n de Redes Sociales Profesional Hoy<\/span><\/span><\/h2><div class=\"g-cols wpb_row us_custom_15f9d3f2 via_grid cols_1 laptops-cols_inherit tablets-cols_inherit mobiles-cols_1 valign_middle type_default stacking_default\" style=\"--gap:3rem;\"><div class=\"wpb_column vc_column_container\"><div class=\"vc_column-inner\"><div class=\"w-text us_custom_65c1d7a9 has_text_color us_animate_this\"><span class=\"w-text-h\"><span class=\"w-text-value\">Haz crecer tu marca con una estrategia efectiva en redes sociales.<\/span><\/span><\/div><div class=\"w-separator size_small\"><\/div><div class=\"w-text us_custom_99e655ae has_text_color\"><span class=\"w-text-h\"><span class=\"w-text-value\">Solicita una auditor\u00eda gratuita y descubre c\u00f3mo podemos ayudarte.<\/span><\/span><\/div><div class=\"w-separator size_small\"><\/div><div class=\"w-btn-wrapper align_center\"><a class=\"w-btn us-btn-style_1 icon_atright\" href=\"\/contacto\"><span class=\"w-btn-label\">Mejora tu presencia en redes ahora<\/span><i class=\"fas fa-search\"><\/i><\/a><\/div><\/div><\/div><\/div><\/div><\/div><\/div><\/div><\/section>\n","protected":false},"excerpt":{"rendered":"","protected":false},"author":1,"featured_media":159,"parent":153,"menu_order":0,"comment_status":"closed","ping_status":"closed","template":"","meta":{"footnotes":""},"class_list":["post-203","page","type-page","status-publish","has-post-thumbnail","hentry"],"_links":{"self":[{"href":"https:\/\/5digitosproduccion.es\/index.php?rest_route=\/wp\/v2\/pages\/203","targetHints":{"allow":["GET"]}}],"collection":[{"href":"https:\/\/5digitosproduccion.es\/index.php?rest_route=\/wp\/v2\/pages"}],"about":[{"href":"https:\/\/5digitosproduccion.es\/index.php?rest_route=\/wp\/v2\/types\/page"}],"author":[{"embeddable":true,"href":"https:\/\/5digitosproduccion.es\/index.php?rest_route=\/wp\/v2\/users\/1"}],"replies":[{"embeddable":true,"href":"https:\/\/5digitosproduccion.es\/index.php?rest_route=%2Fwp%2Fv2%2Fcomments&post=203"}],"version-history":[{"count":23,"href":"https:\/\/5digitosproduccion.es\/index.php?rest_route=\/wp\/v2\/pages\/203\/revisions"}],"predecessor-version":[{"id":428,"href":"https:\/\/5digitosproduccion.es\/index.php?rest_route=\/wp\/v2\/pages\/203\/revisions\/428"}],"up":[{"embeddable":true,"href":"https:\/\/5digitosproduccion.es\/index.php?rest_route=\/wp\/v2\/pages\/153"}],"wp:featuredmedia":[{"embeddable":true,"href":"https:\/\/5digitosproduccion.es\/index.php?rest_route=\/wp\/v2\/media\/159"}],"wp:attachment":[{"href":"https:\/\/5digitosproduccion.es\/index.php?rest_route=%2Fwp%2Fv2%2Fmedia&parent=203"}],"curies":[{"name":"wp","href":"https:\/\/api.w.org\/{rel}","templated":true}]}}