{"id":242,"date":"2025-02-07T08:43:57","date_gmt":"2025-02-07T07:43:57","guid":{"rendered":"https:\/\/5digitosproduccion.es\/?page_id=242"},"modified":"2025-02-10T11:45:08","modified_gmt":"2025-02-10T10:45:08","slug":"posicionamiento-seo-malaga","status":"publish","type":"page","link":"https:\/\/5digitosproduccion.es\/?page_id=242","title":{"rendered":"Posicionamiento SEO M\u00e1laga"},"content":{"rendered":"<section class=\"l-section wpb_row us_custom_f9d0b101 height_medium color_primary with_img parallax_ver parallaxdir_reversed\"><div class=\"l-section-img\" role=\"img\" data-img-width=\"1280\" data-img-height=\"850\" style=\"background-image: url(https:\/\/5digitosproduccion.es\/wp-content\/uploads\/2025\/02\/SEO.jpg);background-repeat: no-repeat;\"><\/div><div class=\"l-section-overlay\" style=\"background:rgba(15,19,31,0.45)\"><\/div><div class=\"l-section-h i-cf\"><div class=\"g-cols vc_row via_grid cols_1 laptops-cols_inherit tablets-cols_inherit mobiles-cols_1 valign_middle type_default stacking_default\" style=\"--gap:0rem;\"><div class=\"wpb_column vc_column_container\"><div class=\"vc_column-inner\"><h1 class=\"w-text us_custom_190d7334 us_animate_this\"><span class=\"w-text-h\"><span class=\"w-text-value\">Posicionamiento SEO M\u00e1laga: <br \/>Atrae Clientes y Destaca en Google<\/span><\/span><\/h1><div class=\"w-text us_custom_c93f8789 has_text_color us_animate_this\"><span class=\"w-text-h\"><span class=\"w-text-value\">SEO Estrat\u00e9gico para que tu Negocio Crezca en Internet<\/span><\/span><\/div><div class=\"w-separator size_medium\"><\/div><div class=\"wpb_text_column us_custom_1970bb68\"><div class=\"wpb_wrapper\"><p>En <b>Gold Marketing<\/b>, somos expertos en <b>Posicionamiento SEO en M\u00e1laga<\/b>, ayudando a empresas y profesionales a aparecer en los primeros resultados de b\u00fasqueda. Trabajamos estrategias personalizadas de <b>SEO Local, SEO Nacional y SEO Internacional<\/b>, optimizando tu web para atraer tr\u00e1fico cualificado y convertir visitas en clientes.<\/p>\n<\/div><\/div><div class=\"w-separator size_medium\"><\/div><div class=\"w-text us_custom_511907f7 has_text_color us_animate_this\"><span class=\"w-text-h\"><span class=\"w-text-value\">M\u00e1s visibilidad | M\u00e1s clientes | M\u00e1s ingresos<\/span><\/span><\/div><div class=\"w-separator size_medium\"><\/div><div class=\"w-btn-wrapper align_none\"><a class=\"w-btn us-btn-style_4 us_custom_8f2ba1f4 us_animate_this\" href=\"\/contacto\"><span class=\"w-btn-label\">Solicita una auditor\u00eda SEO gratuita<\/span><\/a><\/div><div class=\"w-separator size_small\"><\/div><\/div><\/div><\/div><\/div><\/section><section class=\"l-section wpb_row height_medium\"><div class=\"l-section-h i-cf\"><div class=\"g-cols vc_row via_grid cols_1 laptops-cols_inherit tablets-cols_inherit mobiles-cols_1 valign_top type_default stacking_default\"><div class=\"wpb_column vc_column_container\"><div class=\"vc_column-inner\"><div class=\"g-cols wpb_row via_grid cols_1 laptops-cols_inherit tablets-cols_inherit mobiles-cols_1 valign_top type_default stacking_default\" style=\"--gap:3rem;\"><div class=\"wpb_column vc_column_container\"><div class=\"vc_column-inner\"><h2 class=\"w-text\"><span class=\"w-text-h\"><span class=\"w-text-value\">Posicionamiento SEO M\u00e1laga<\/span><\/span><\/h2><\/div><\/div><\/div><div class=\"w-separator size_medium\"><\/div><div class=\"g-cols wpb_row us_custom_15f9d3f2 via_grid cols_1-3 laptops-cols_inherit tablets-cols_inherit mobiles-cols_1 valign_middle type_default stacking_default\" style=\"--gap:3rem;\"><div class=\"wpb_column vc_column_container\"><div class=\"vc_column-inner\"><div class=\"w-image has_ratio align_none\"><div class=\"w-image-h\"><div style=\"padding-bottom:100%\"><\/div><img loading=\"lazy\" decoding=\"async\" class=\"g-placeholder\" src=\"https:\/\/5digitosproduccion.es\/wp-content\/plugins\/us-core\/assets\/images\/placeholder.svg\" width=\"1024\" height=\"1024\" alt><\/div><\/div><\/div><\/div><div class=\"wpb_column vc_column_container\"><div class=\"vc_column-inner\"><div class=\"w-text us_custom_d839199a has_text_color us_animate_this\"><span class=\"w-text-h\"><span class=\"w-text-value\">\u00bfPor qu\u00e9 necesitas Posicionamiento SEO en M\u00e1laga?<\/span><\/span><\/div><div class=\"w-separator size_small\"><\/div><div class=\"w-text us_custom_3412bfaf icon_atleft\"><span class=\"w-text-h\"><i class=\"fas fa-star\"><\/i><span class=\"w-text-value\">Aparece en los primeros resultados de Google y aumenta tu tr\u00e1fico web.<\/span><\/span><\/div><div class=\"w-text us_custom_3412bfaf icon_atleft\"><span class=\"w-text-h\"><i class=\"fas fa-star\"><\/i><span class=\"w-text-value\">Consigue clientes de forma org\u00e1nica sin depender de la publicidad pagada.<\/span><\/span><\/div><div class=\"w-text us_custom_3412bfaf icon_atleft\"><span class=\"w-text-h\"><i class=\"fas fa-star\"><\/i><span class=\"w-text-value\">Difer\u00e9nciate de la competencia con una estrategia de SEO efectiva.<\/span><\/span><\/div><div class=\"w-text us_custom_3412bfaf icon_atleft\"><span class=\"w-text-h\"><i class=\"fas fa-star\"><\/i><span class=\"w-text-value\">Aumenta tu autoridad y reputaci\u00f3n online.<\/span><\/span><\/div><div class=\"w-separator size_small\"><\/div><div class=\"w-text us_custom_4ea1c8c3 has_text_color\"><span class=\"w-text-h\"><span class=\"w-text-value\">Si no est\u00e1s en Google, tu competencia s\u00ed lo est\u00e1.<\/span><\/span><\/div><div class=\"w-separator size_small\"><\/div><div class=\"w-btn-wrapper align_none\"><a class=\"w-btn us-btn-style_1 icon_atright\" href=\"\/contacto\"><span class=\"w-btn-label\">Mejora tu SEO ahora<\/span><i class=\"fas fa-paper-plane\"><\/i><\/a><\/div><\/div><\/div><\/div><\/div><\/div><\/div><\/div><\/section><section class=\"l-section wpb_row height_medium\"><div class=\"l-section-overlay\" style=\"background:var(--color-content-bg-alt)\"><\/div><div class=\"l-section-h i-cf\"><div class=\"g-cols vc_row via_grid cols_1 laptops-cols_inherit tablets-cols_inherit mobiles-cols_1 valign_top type_default stacking_default\"><div class=\"wpb_column vc_column_container\"><div class=\"vc_column-inner\"><div class=\"g-cols wpb_row us_custom_15f9d3f2 via_grid cols_2-1 laptops-cols_inherit tablets-cols_inherit mobiles-cols_1 valign_middle type_default reversed stacking_default\" style=\"--gap:3rem;\"><div class=\"wpb_column vc_column_container\"><div class=\"vc_column-inner\"><div class=\"w-text us_custom_d839199a has_text_color us_animate_this\"><span class=\"w-text-h\"><span class=\"w-text-value\">Nuestros Servicios de Posicionamiento SEO M\u00e1laga<\/span><\/span><\/div><div class=\"w-separator size_small\"><\/div><div class=\"wpb_text_column\"><div class=\"wpb_wrapper\"><p class=\"western\"><span style=\"color: #000000;\"><span style=\"font-size: medium;\"><b>SEO Local: Domina tu ciudad y atrae clientes cercanos<\/b><\/span><\/span><\/p>\n<p>El <b>SEO Local<\/b> es ideal para negocios que quieren aparecer en <b>Google Maps y en b\u00fasquedas locales<\/b>. Si tienes una empresa en M\u00e1laga y quieres que te encuentren m\u00e1s f\u00e1cilmente, esta estrategia es para ti. <strong>Incluye:<\/strong><\/p>\n<\/div><\/div><div class=\"w-separator size_small\"><\/div><div class=\"w-text us_custom_3412bfaf icon_atleft\"><span class=\"w-text-h\"><i class=\"fas fa-star\"><\/i><span class=\"w-text-value\">Optimizaci\u00f3n de Google My Business y fichas locales.<\/span><\/span><\/div><div class=\"w-text us_custom_3412bfaf icon_atleft\"><span class=\"w-text-h\"><i class=\"fas fa-star\"><\/i><span class=\"w-text-value\">Estrategia de palabras clave locales y contenido geolocalizado.<\/span><\/span><\/div><div class=\"w-text us_custom_3412bfaf icon_atleft\"><span class=\"w-text-h\"><i class=\"fas fa-star\"><\/i><span class=\"w-text-value\">Linkbuilding local y citaciones en directorios especializados.<\/span><\/span><\/div><div class=\"w-text us_custom_3412bfaf icon_atleft\"><span class=\"w-text-h\"><i class=\"fas fa-star\"><\/i><span class=\"w-text-value\">Opiniones y rese\u00f1as para mejorar la reputaci\u00f3n online.<\/span><\/span><\/div><div class=\"w-separator size_small\"><\/div><div class=\"wpb_text_column us_custom_234a6680\"><div class=\"wpb_wrapper\"><p><strong>Ejemplo de b\u00fasqueda en Google:<\/strong> \u00abCl\u00ednica dental en M\u00e1laga\u00bb<\/p>\n<\/div><\/div><div class=\"w-separator size_small\"><\/div><div class=\"w-btn-wrapper align_none\"><a class=\"w-btn us-btn-style_1 icon_atright\" href=\"\/contacto\"><span class=\"w-btn-label\">Optimiza tu SEO Local ahora<\/span><i class=\"fas fa-paper-plane\"><\/i><\/a><\/div><\/div><\/div><div class=\"wpb_column vc_column_container\"><div class=\"vc_column-inner\"><div class=\"w-image has_ratio align_none\"><div class=\"w-image-h\"><div style=\"padding-bottom:100%\"><\/div><img loading=\"lazy\" decoding=\"async\" class=\"g-placeholder\" src=\"https:\/\/5digitosproduccion.es\/wp-content\/plugins\/us-core\/assets\/images\/placeholder.svg\" width=\"1024\" height=\"1024\" alt><\/div><\/div><\/div><\/div><\/div><\/div><\/div><\/div><\/div><\/section><section class=\"l-section wpb_row height_medium\"><div class=\"l-section-h i-cf\"><div class=\"g-cols vc_row via_grid cols_1 laptops-cols_inherit tablets-cols_inherit mobiles-cols_1 valign_top type_default stacking_default\"><div class=\"wpb_column vc_column_container\"><div class=\"vc_column-inner\"><div class=\"g-cols wpb_row us_custom_15f9d3f2 via_grid cols_1-2 laptops-cols_inherit tablets-cols_inherit mobiles-cols_1 valign_middle type_default stacking_default\" style=\"--gap:3rem;\"><div class=\"wpb_column vc_column_container\"><div class=\"vc_column-inner\"><div class=\"w-image has_ratio align_none\"><div class=\"w-image-h\"><div style=\"padding-bottom:100%\"><\/div><img loading=\"lazy\" decoding=\"async\" class=\"g-placeholder\" src=\"https:\/\/5digitosproduccion.es\/wp-content\/plugins\/us-core\/assets\/images\/placeholder.svg\" width=\"1024\" height=\"1024\" alt><\/div><\/div><\/div><\/div><div class=\"wpb_column vc_column_container\"><div class=\"vc_column-inner\"><div class=\"w-text us_custom_d839199a has_text_color us_animate_this\"><span class=\"w-text-h\"><span class=\"w-text-value\">SEO Nacional: <br \/>Expande tu negocio a toda Espa\u00f1a<\/span><\/span><\/div><div class=\"w-separator size_small\"><\/div><div class=\"wpb_text_column\"><div class=\"wpb_wrapper\"><p>Si tu empresa quiere posicionarse en todo el territorio espa\u00f1ol, necesitas una estrategia de <b>SEO Nacional<\/b> enfocada en aumentar tu visibilidad en b\u00fasquedas de alto volumen y competir con las grandes marcas. <strong>Incluye:<\/strong><\/p>\n<\/div><\/div><div class=\"w-separator size_small\"><\/div><div class=\"w-text us_custom_3412bfaf icon_atleft\"><span class=\"w-text-h\"><i class=\"fas fa-star\"><\/i><span class=\"w-text-value\">Investigaci\u00f3n de palabras clave de alta intenci\u00f3n de compra<\/span><\/span><\/div><div class=\"w-text us_custom_3412bfaf icon_atleft\"><span class=\"w-text-h\"><i class=\"fas fa-star\"><\/i><span class=\"w-text-value\">Optimizaci\u00f3n t\u00e9cnica y de contenido para mejorar el rendimiento de la web<\/span><\/span><\/div><div class=\"w-text us_custom_3412bfaf icon_atleft\"><span class=\"w-text-h\"><i class=\"fas fa-star\"><\/i><span class=\"w-text-value\">Estrategia de linkbuilding para aumentar la autoridad del dominio<\/span><\/span><\/div><div class=\"w-text us_custom_3412bfaf icon_atleft\"><span class=\"w-text-h\"><i class=\"fas fa-star\"><\/i><span class=\"w-text-value\">Creaci\u00f3n de contenidos SEO con alto impacto<\/span><\/span><\/div><div class=\"w-separator size_small\"><\/div><div class=\"wpb_text_column us_custom_234a6680\"><div class=\"wpb_wrapper\"><p><b>Ejemplo de b\u00fasqueda en Google:<\/b> \u00abAbogado laboralista en Espa\u00f1a\u00bb<\/p>\n<\/div><\/div><div class=\"w-separator size_small\"><\/div><div class=\"w-btn-wrapper align_none\"><a class=\"w-btn us-btn-style_1 icon_atright\" href=\"\/contacto\"><span class=\"w-btn-label\">Mejora tu SEO Nacional hoy mismo<\/span><i class=\"fas fa-paper-plane\"><\/i><\/a><\/div><\/div><\/div><\/div><\/div><\/div><\/div><\/div><\/section><section class=\"l-section wpb_row height_medium\"><div class=\"l-section-overlay\" style=\"background:var(--color-content-bg-alt)\"><\/div><div class=\"l-section-h i-cf\"><div class=\"g-cols vc_row via_grid cols_1 laptops-cols_inherit tablets-cols_inherit mobiles-cols_1 valign_top type_default stacking_default\"><div class=\"wpb_column vc_column_container\"><div class=\"vc_column-inner\"><div class=\"g-cols wpb_row us_custom_15f9d3f2 via_grid cols_2-1 laptops-cols_inherit tablets-cols_inherit mobiles-cols_1 valign_middle type_default reversed stacking_default\" style=\"--gap:3rem;\"><div class=\"wpb_column vc_column_container\"><div class=\"vc_column-inner\"><div class=\"w-text us_custom_d839199a has_text_color us_animate_this\"><span class=\"w-text-h\"><span class=\"w-text-value\">SEO Internacional: <br \/>Llega a clientes en todo el mundo<\/span><\/span><\/div><div class=\"w-separator size_small\"><\/div><div class=\"wpb_text_column\"><div class=\"wpb_wrapper\"><p>Si tu empresa quiere expandirse m\u00e1s all\u00e1 de Espa\u00f1a, necesitas una estrategia de <b>SEO Internacional<\/b> para posicionarte en varios pa\u00edses y competir en mercados globales. <strong>Incluye:<\/strong><\/p>\n<\/div><\/div><div class=\"w-separator size_small\"><\/div><div class=\"w-text us_custom_3412bfaf icon_atleft\"><span class=\"w-text-h\"><i class=\"fas fa-star\"><\/i><span class=\"w-text-value\">SEO Multiling\u00fce: Traducci\u00f3n y optimizaci\u00f3n de contenido en varios idiomas.<\/span><\/span><\/div><div class=\"w-text us_custom_3412bfaf icon_atleft\"><span class=\"w-text-h\"><i class=\"fas fa-star\"><\/i><span class=\"w-text-value\">Estrategia de hreflang para evitar problemas de duplicidad en Google.<\/span><\/span><\/div><div class=\"w-text us_custom_3412bfaf icon_atleft\"><span class=\"w-text-h\"><i class=\"fas fa-star\"><\/i><span class=\"w-text-value\">An\u00e1lisis de mercados internacionales y oportunidades de crecimiento.<\/span><\/span><\/div><div class=\"w-text us_custom_3412bfaf icon_atleft\"><span class=\"w-text-h\"><i class=\"fas fa-star\"><\/i><span class=\"w-text-value\">SEO t\u00e9cnico avanzado para dominios y subdominios internacionales<\/span><\/span><\/div><div class=\"w-separator size_small\"><\/div><div class=\"wpb_text_column us_custom_234a6680\"><div class=\"wpb_wrapper\"><p><b>Ejemplo de b\u00fasqueda en Google:<\/b> \u00abMarketing digital en Latinoam\u00e9rica\u00bb<\/p>\n<\/div><\/div><div class=\"w-separator size_small\"><\/div><div class=\"w-btn-wrapper align_none\"><a class=\"w-btn us-btn-style_1 icon_atright\" href=\"\/contacto\"><span class=\"w-btn-label\">Haz crecer tu negocio a nivel internacional<\/span><i class=\"fas fa-globe\"><\/i><\/a><\/div><\/div><\/div><div class=\"wpb_column vc_column_container\"><div class=\"vc_column-inner\"><div class=\"w-image has_ratio align_none\"><div class=\"w-image-h\"><div style=\"padding-bottom:100%\"><\/div><img loading=\"lazy\" decoding=\"async\" class=\"g-placeholder\" src=\"https:\/\/5digitosproduccion.es\/wp-content\/plugins\/us-core\/assets\/images\/placeholder.svg\" width=\"1024\" height=\"1024\" alt><\/div><\/div><\/div><\/div><\/div><\/div><\/div><\/div><\/div><\/section><section class=\"l-section wpb_row height_medium\"><div class=\"l-section-h i-cf\"><div class=\"g-cols vc_row via_grid cols_1 laptops-cols_inherit tablets-cols_inherit mobiles-cols_1 valign_top type_default stacking_default\"><div class=\"wpb_column vc_column_container\"><div class=\"vc_column-inner\"><div class=\"g-cols wpb_row us_custom_15f9d3f2 via_grid cols_1-2 laptops-cols_inherit tablets-cols_inherit mobiles-cols_1 valign_middle type_default stacking_default\" style=\"--gap:3rem;\"><div class=\"wpb_column vc_column_container\"><div class=\"vc_column-inner\"><div class=\"w-image has_ratio align_none\"><div class=\"w-image-h\"><div style=\"padding-bottom:100%\"><\/div><img loading=\"lazy\" decoding=\"async\" class=\"g-placeholder\" src=\"https:\/\/5digitosproduccion.es\/wp-content\/plugins\/us-core\/assets\/images\/placeholder.svg\" width=\"1024\" height=\"1024\" alt><\/div><\/div><\/div><\/div><div class=\"wpb_column vc_column_container\"><div class=\"vc_column-inner\"><div class=\"w-text us_custom_d839199a has_text_color us_animate_this\"><span class=\"w-text-h\"><span class=\"w-text-value\">\u00bfPara qui\u00e9n es nuestro servicio de Posicionamiento SEO en M\u00e1laga?<\/span><\/span><\/div><div class=\"w-separator size_small\"><\/div><div class=\"w-text us_custom_3412bfaf icon_atleft\"><span class=\"w-text-h\"><i class=\"fas fa-star\"><\/i><span class=\"w-text-value\">Negocios locales que quieren atraer m\u00e1s clientes en su ciudad.<\/span><\/span><\/div><div class=\"w-text us_custom_3412bfaf icon_atleft\"><span class=\"w-text-h\"><i class=\"fas fa-star\"><\/i><span class=\"w-text-value\">Empresas nacionales que buscan aumentar su presencia en toda Espa\u00f1a.<\/span><\/span><\/div><div class=\"w-text us_custom_3412bfaf icon_atleft\"><span class=\"w-text-h\"><i class=\"fas fa-star\"><\/i><span class=\"w-text-value\">Marcas internacionales que quieren vender en mercados globales.<\/span><\/span><\/div><div class=\"w-text us_custom_3412bfaf icon_atleft\"><span class=\"w-text-h\"><i class=\"fas fa-star\"><\/i><span class=\"w-text-value\">Tiendas online y e-commerce que necesitan m\u00e1s tr\u00e1fico y ventas.<\/span><\/span><\/div><div class=\"w-separator size_small\"><\/div><div class=\"w-text us_custom_4ea1c8c3 has_text_color\"><span class=\"w-text-h\"><span class=\"w-text-value\">Si quieres mejorar tu posicionamiento SEO en M\u00e1laga, podemos ayudarte.<\/span><\/span><\/div><div class=\"w-separator size_small\"><\/div><div class=\"w-btn-wrapper align_none\"><a class=\"w-btn us-btn-style_1 icon_atright\" href=\"\/contacto\"><span class=\"w-btn-label\">Hablemos ahora<\/span><i class=\"fas fa-comments\"><\/i><\/a><\/div><\/div><\/div><\/div><\/div><\/div><\/div><\/div><\/section><section class=\"l-section wpb_row height_medium width_custom\" style=\"--site-content-width:900px;\" id=\"section-02\"><div class=\"l-section-h i-cf\"><div class=\"g-cols vc_row via_grid cols_1 laptops-cols_inherit tablets-cols_inherit mobiles-cols_1 valign_top type_default stacking_default\"><div class=\"wpb_column vc_column_container\"><div class=\"vc_column-inner\"><h2 class=\"w-text us_custom_d839199a has_text_color us_animate_this\"><span class=\"w-text-h\"><span class=\"w-text-value\">Casos de \u00e9xito en Posicionamiento SEO M\u00e1laga<\/span><\/span><\/h2><div class=\"w-separator size_medium\"><\/div><div class=\"g-cols wpb_row us_custom_33b9ee00 via_grid cols_2 laptops-cols_inherit tablets-cols_2 mobiles-cols_1 valign_top type_default stacking_default\" style=\"--gap:3rem;\"><div class=\"wpb_column vc_column_container\"><div class=\"vc_column-inner\"><div class=\"w-image has_ratio align_none\"><div class=\"w-image-h\"><div style=\"padding-bottom:100%\"><\/div><img loading=\"lazy\" decoding=\"async\" width=\"150\" height=\"150\" src=\"https:\/\/5digitosproduccion.es\/wp-content\/uploads\/2025\/02\/Caso-de-exito-Villa-Asesores-150x150-min.jpg\" class=\"attachment-large size-large\" alt=\"\" \/><\/div><\/div><h5 class=\"w-text us_custom_771cfa3e\"><span class=\"w-text-h\"><span class=\"w-text-value\">Caso de \u00c9xito #1<\/span><\/span><\/h5><div class=\"wpb_text_column\"><div class=\"wpb_wrapper\"><p><b>La Villa Asesores<\/b><\/p>\n<ul>\n<li><b>Desaf\u00edo:<\/b> Mejorar su presencia online y atraer clientes potenciales en M\u00e1laga.<br \/><b><\/b><\/li>\n<li><b>Soluci\u00f3n:<\/b> Implementaci\u00f3n de <b>SEO Local<\/b> con optimizaci\u00f3n de Google My Business y contenido estrat\u00e9gico.<br \/><b><\/b><\/li>\n<li><b>Resultado:<\/b> Aparecen en el <b>Top 3 de Google Maps en M\u00e1laga<\/b> y han aumentado sus clientes en un 70%.<\/li>\n<\/ul>\n<\/div><\/div><\/div><\/div><div class=\"wpb_column vc_column_container\"><div class=\"vc_column-inner\"><div class=\"w-image has_ratio align_none\"><div class=\"w-image-h\"><div style=\"padding-bottom:100%\"><\/div><img decoding=\"async\" class=\"g-placeholder\" src=\"https:\/\/5digitosproduccion.es\/wp-content\/plugins\/us-core\/assets\/images\/placeholder.svg\" width=\"\" height=\"\" alt><\/div><\/div><h5 class=\"w-text us_custom_771cfa3e\"><span class=\"w-text-h\"><span class=\"w-text-value\">Caso de \u00c9xito #2<\/span><\/span><\/h5><div class=\"wpb_text_column\"><div class=\"wpb_wrapper\"><p><b>Tienda Online de Moda<br \/><\/b><\/p>\n<ul>\n<li><b>Desaf\u00edo:<\/b> Posicionarse a nivel nacional y competir con grandes marcas.<br \/><b><\/b><\/li>\n<li><b>Soluci\u00f3n:<\/b> Optimizaci\u00f3n SEO en su ecommerce y estrategia de contenido.<br \/><b><\/b><\/li>\n<li><b>Resultado:<\/b> Multiplicaron sus visitas org\u00e1nicas en un 300% y aumentaron sus ventas.<\/li>\n<\/ul>\n<\/div><\/div><\/div><\/div><\/div><div class=\"w-separator size_medium\"><\/div><div class=\"w-text us_custom_9a57393d has_text_color\"><span class=\"w-text-h\"><span class=\"w-text-value\">\u00bfQuieres lograr estos resultados?<\/span><\/span><\/div><div class=\"w-separator size_small\"><\/div><div class=\"w-btn-wrapper align_center\"><a class=\"w-btn us-btn-style_1 icon_atright\" href=\"\/contacto\"><span class=\"w-btn-label\">Cont\u00e1ctanos ahora<\/span><i class=\"fas fa-paper-plane\"><\/i><\/a><\/div><\/div><\/div><\/div><\/div><\/section><section class=\"l-section wpb_row height_medium\" id=\"section-04\"><div class=\"l-section-h i-cf\"><div class=\"g-cols vc_row via_grid cols_1 laptops-cols_inherit tablets-cols_inherit mobiles-cols_1 valign_top type_default stacking_default\"><div class=\"wpb_column vc_column_container\"><div class=\"vc_column-inner\"><h2 class=\"w-text\"><span class=\"w-text-h\"><span class=\"w-text-value\">Nuestros Servicios de Marketing Digital<\/span><\/span><\/h2><div class=\"w-separator size_medium\"><\/div><div class=\"g-cols wpb_row via_grid cols_3 laptops-cols_inherit tablets-cols_3 mobiles-cols_1 valign_top type_default stacking_default\" style=\"--gap:3rem;\"><div class=\"wpb_column vc_column_container\"><div class=\"vc_column-inner\"><div class=\"w-iconbox iconpos_top style_circle color_light align_center no_title\"><div class=\"w-iconbox-icon\" style=\"font-size:50px;\"><i class=\"far fa-lightbulb\"><\/i><\/div><div class=\"w-iconbox-meta\"><div class=\"w-iconbox-text\"><p><strong>Estrategias personalizadas<\/strong><br \/>\npara cada negocio.<\/p>\n<\/div><\/div><\/div><\/div><\/div><div class=\"wpb_column vc_column_container\"><div class=\"vc_column-inner\"><div class=\"w-iconbox iconpos_top style_circle color_light align_center no_title\"><div class=\"w-iconbox-icon\" style=\"font-size:50px;\"><i class=\"far fa-chart-bar\"><\/i><\/div><div class=\"w-iconbox-meta\"><div class=\"w-iconbox-text\"><p><strong>Resultados medibles<\/strong> y optimizaci\u00f3n constante.<\/p>\n<\/div><\/div><\/div><\/div><\/div><div class=\"wpb_column vc_column_container\"><div class=\"vc_column-inner\"><div class=\"w-iconbox iconpos_top style_circle color_light align_center no_title\"><div class=\"w-iconbox-icon\" style=\"font-size:50px;\"><i class=\"far fa-rocket-launch\"><\/i><\/div><div class=\"w-iconbox-meta\"><div class=\"w-iconbox-text\"><p><strong>M\u00e1s visibilidad,<br \/>\nm\u00e1s clientes, m\u00e1s ventas.<\/strong><\/p>\n<\/div><\/div><\/div><\/div><\/div><\/div><div class=\"w-separator size_medium\"><\/div><div class=\"w-text us_custom_9a57393d has_text_color\"><span class=\"w-text-h\"><span class=\"w-text-value\">Cont\u00e1ctanos hoy y lleva tu negocio al siguiente nivel<\/span><\/span><\/div><div class=\"w-separator size_medium\"><\/div><div class=\"w-btn-wrapper align_center\"><a class=\"w-btn us-btn-style_1 icon_atright\" href=\"\/contacto\"><span class=\"w-btn-label\">Cont\u00e1ctanos<\/span><i class=\"fas fa-paper-plane\"><\/i><\/a><\/div><\/div><\/div><\/div><\/div><\/section><section class=\"l-section wpb_row height_medium\"><div class=\"l-section-overlay\" style=\"background:var(--color-content-bg-alt)\"><\/div><div class=\"l-section-h i-cf\"><div class=\"g-cols vc_row via_grid cols_1 laptops-cols_inherit tablets-cols_inherit mobiles-cols_1 valign_top type_default stacking_default\"><div class=\"wpb_column vc_column_container\"><div class=\"vc_column-inner\"><h2 class=\"w-text us_custom_932b9e6f us_animate_this\"><span class=\"w-text-h\"><span class=\"w-text-value\">Optimiza tu Posicionamiento SEO en M\u00e1laga Hoy<\/span><\/span><\/h2><div class=\"g-cols wpb_row us_custom_15f9d3f2 via_grid cols_1 laptops-cols_inherit tablets-cols_inherit mobiles-cols_1 valign_middle type_default stacking_default\" style=\"--gap:3rem;\"><div class=\"wpb_column vc_column_container\"><div class=\"vc_column-inner\"><div class=\"w-text us_custom_a8ff8a7b has_text_color us_animate_this\"><span class=\"w-text-h\"><span class=\"w-text-value\">Aparece en Google, aumenta tu tr\u00e1fico y consigue m\u00e1s clientes.<\/span><\/span><\/div><div class=\"w-separator size_small\"><\/div><div class=\"wpb_text_column us_custom_3b0cf210\"><div class=\"wpb_wrapper\"><p style=\"text-align: center;\">En <b>Gold Marketing<\/b>, trabajamos estrategias de <b>SEO Local, Nacional e Internacional<\/b> para ayudarte a <b>alcanzar los primeros puestos en Google<\/b>.<\/p>\n<\/div><\/div><div class=\"w-separator size_small\"><\/div><div class=\"w-text us_custom_9a57393d has_text_color\"><span class=\"w-text-h\"><span class=\"w-text-value\">Solicita una auditor\u00eda SEO gratuita y descubre c\u00f3mo mejorar tu posicionamiento.<\/span><\/span><\/div><div class=\"w-separator size_small\"><\/div><div class=\"w-btn-wrapper align_center\"><a class=\"w-btn us-btn-style_1 icon_atright\" href=\"\/contacto\"><span class=\"w-btn-label\">Mejora tu SEO ahora<\/span><i class=\"fas fa-thumbtack\"><\/i><\/a><\/div><\/div><\/div><\/div><\/div><\/div><\/div><\/div><\/section>\n","protected":false},"excerpt":{"rendered":"","protected":false},"author":1,"featured_media":244,"parent":153,"menu_order":0,"comment_status":"closed","ping_status":"closed","template":"","meta":{"footnotes":""},"class_list":["post-242","page","type-page","status-publish","has-post-thumbnail","hentry"],"_links":{"self":[{"href":"https:\/\/5digitosproduccion.es\/index.php?rest_route=\/wp\/v2\/pages\/242","targetHints":{"allow":["GET"]}}],"collection":[{"href":"https:\/\/5digitosproduccion.es\/index.php?rest_route=\/wp\/v2\/pages"}],"about":[{"href":"https:\/\/5digitosproduccion.es\/index.php?rest_route=\/wp\/v2\/types\/page"}],"author":[{"embeddable":true,"href":"https:\/\/5digitosproduccion.es\/index.php?rest_route=\/wp\/v2\/users\/1"}],"replies":[{"embeddable":true,"href":"https:\/\/5digitosproduccion.es\/index.php?rest_route=%2Fwp%2Fv2%2Fcomments&post=242"}],"version-history":[{"count":20,"href":"https:\/\/5digitosproduccion.es\/index.php?rest_route=\/wp\/v2\/pages\/242\/revisions"}],"predecessor-version":[{"id":430,"href":"https:\/\/5digitosproduccion.es\/index.php?rest_route=\/wp\/v2\/pages\/242\/revisions\/430"}],"up":[{"embeddable":true,"href":"https:\/\/5digitosproduccion.es\/index.php?rest_route=\/wp\/v2\/pages\/153"}],"wp:featuredmedia":[{"embeddable":true,"href":"https:\/\/5digitosproduccion.es\/index.php?rest_route=\/wp\/v2\/media\/244"}],"wp:attachment":[{"href":"https:\/\/5digitosproduccion.es\/index.php?rest_route=%2Fwp%2Fv2%2Fmedia&parent=242"}],"curies":[{"name":"wp","href":"https:\/\/api.w.org\/{rel}","templated":true}]}}