{"id":265,"date":"2025-02-07T09:16:23","date_gmt":"2025-02-07T08:16:23","guid":{"rendered":"https:\/\/5digitosproduccion.es\/?page_id=265"},"modified":"2025-02-10T11:46:02","modified_gmt":"2025-02-10T10:46:02","slug":"agencia-sem","status":"publish","type":"page","link":"https:\/\/5digitosproduccion.es\/?page_id=265","title":{"rendered":"Agencia SEM"},"content":{"rendered":"<section class=\"l-section wpb_row us_custom_f9d0b101 height_medium color_primary with_img parallax_ver parallaxdir_reversed\"><div class=\"l-section-img\" role=\"img\" data-img-width=\"1280\" data-img-height=\"850\" style=\"background-image: url(https:\/\/5digitosproduccion.es\/wp-content\/uploads\/2025\/02\/SEM.jpg);background-repeat: no-repeat;\"><\/div><div class=\"l-section-overlay\" style=\"background:rgba(15,19,31,0.45)\"><\/div><div class=\"l-section-h i-cf\"><div class=\"g-cols vc_row via_grid cols_1 laptops-cols_inherit tablets-cols_inherit mobiles-cols_1 valign_middle type_default stacking_default\" style=\"--gap:0rem;\"><div class=\"wpb_column vc_column_container\"><div class=\"vc_column-inner\"><h1 class=\"w-text us_custom_190d7334 us_animate_this\"><span class=\"w-text-h\"><span class=\"w-text-value\">Agencia SEM: Campa\u00f1as ADS que Generan Clientes y Ventas<\/span><\/span><\/h1><div class=\"w-text us_custom_c93f8789 has_text_color us_animate_this\"><span class=\"w-text-h\"><span class=\"w-text-value\">Publicidad Digital para Atraer Clientes de Forma Inmediata<\/span><\/span><\/div><div class=\"w-separator size_medium\"><\/div><div class=\"wpb_text_column us_custom_1970bb68\"><div class=\"wpb_wrapper\"><p>En <b>Gold Marketing<\/b>, somos una <b>agencia SEM<\/b> especializada en campa\u00f1as publicitarias en <b>Google Ads, Meta Ads (Facebook e Instagram), TikTok Ads y X Ads (Twitter)<\/b>. Dise\u00f1amos estrategias personalizadas para <b>aumentar tr\u00e1fico, captar leads y multiplicar conversiones<\/b> de forma r\u00e1pida y efectiva.<\/p>\n<\/div><\/div><div class=\"w-separator size_medium\"><\/div><div class=\"w-text us_custom_511907f7 has_text_color us_animate_this\"><span class=\"w-text-h\"><span class=\"w-text-value\">M\u00e1s visibilidad | M\u00e1s tr\u00e1fico | M\u00e1s ventas<\/span><\/span><\/div><div class=\"w-separator size_medium\"><\/div><div class=\"w-btn-wrapper align_none\"><a class=\"w-btn us-btn-style_4 us_custom_8f2ba1f4 us_animate_this\" href=\"\/contacto\"><span class=\"w-btn-label\">Solicita una estrategia SEM personalizada<\/span><\/a><\/div><div class=\"w-separator size_small\"><\/div><\/div><\/div><\/div><\/div><\/section><section class=\"l-section wpb_row height_medium\"><div class=\"l-section-h i-cf\"><div class=\"g-cols vc_row via_grid cols_1 laptops-cols_inherit tablets-cols_inherit mobiles-cols_1 valign_top type_default stacking_default\"><div class=\"wpb_column vc_column_container\"><div class=\"vc_column-inner\"><div class=\"g-cols wpb_row via_grid cols_1 laptops-cols_inherit tablets-cols_inherit mobiles-cols_1 valign_top type_default stacking_default\" style=\"--gap:3rem;\"><div class=\"wpb_column vc_column_container\"><div class=\"vc_column-inner\"><h2 class=\"w-text\"><span class=\"w-text-h\"><span class=\"w-text-value\">Agencia SEM<\/span><\/span><\/h2><\/div><\/div><\/div><div class=\"w-separator size_medium\"><\/div><div class=\"g-cols wpb_row us_custom_15f9d3f2 via_grid cols_1-2 laptops-cols_inherit tablets-cols_inherit mobiles-cols_1 valign_middle type_default stacking_default\" style=\"--gap:3rem;\"><div class=\"wpb_column vc_column_container\"><div class=\"vc_column-inner\"><div class=\"w-image has_ratio align_none\"><div class=\"w-image-h\"><div style=\"padding-bottom:100%\"><\/div><img loading=\"lazy\" decoding=\"async\" class=\"g-placeholder\" src=\"https:\/\/5digitosproduccion.es\/wp-content\/plugins\/us-core\/assets\/images\/placeholder.svg\" width=\"1024\" height=\"1024\" alt><\/div><\/div><\/div><\/div><div class=\"wpb_column vc_column_container\"><div class=\"vc_column-inner\"><div class=\"w-text us_custom_d839199a has_text_color us_animate_this\"><span class=\"w-text-h\"><span class=\"w-text-value\">\u00bfPor qu\u00e9 confiar en nuestra agencia SEM?<\/span><\/span><\/div><div class=\"w-separator size_small\"><\/div><div class=\"w-text us_custom_3412bfaf icon_atleft\"><span class=\"w-text-h\"><i class=\"fas fa-star\"><\/i><span class=\"w-text-value\">Segmentaci\u00f3n precisa para llegar a tu p\u00fablico objetivo.<\/span><\/span><\/div><div class=\"w-text us_custom_3412bfaf icon_atleft\"><span class=\"w-text-h\"><i class=\"fas fa-star\"><\/i><span class=\"w-text-value\">Optimizaci\u00f3n continua para mejorar el retorno de inversi\u00f3n (ROI).<\/span><\/span><\/div><div class=\"w-text us_custom_3412bfaf icon_atleft\"><span class=\"w-text-h\"><i class=\"fas fa-star\"><\/i><span class=\"w-text-value\">An\u00e1lisis de datos y m\u00e9tricas para ajustar cada campa\u00f1a en tiempo real.<\/span><\/span><\/div><div class=\"w-text us_custom_3412bfaf icon_atleft\"><span class=\"w-text-h\"><i class=\"fas fa-star\"><\/i><span class=\"w-text-value\">Integraci\u00f3n con SEO y marketing de contenidos para resultados sostenibles.<\/span><\/span><\/div><div class=\"w-separator size_small\"><\/div><div class=\"w-text us_custom_4ea1c8c3 has_text_color\"><span class=\"w-text-h\"><span class=\"w-text-value\">Si quieres resultados r\u00e1pidos y medibles, el SEM es la clave.<\/span><\/span><\/div><div class=\"w-separator size_small\"><\/div><div class=\"w-btn-wrapper align_none\"><a class=\"w-btn us-btn-style_1 icon_atright\" href=\"\/contacto\"><span class=\"w-btn-label\">Hablemos ahora<\/span><i class=\"fas fa-comments\"><\/i><\/a><\/div><\/div><\/div><\/div><\/div><\/div><\/div><\/div><\/section><section class=\"l-section wpb_row height_medium\"><div class=\"l-section-overlay\" style=\"background:var(--color-content-bg-alt)\"><\/div><div class=\"l-section-h i-cf\"><div class=\"g-cols vc_row via_grid cols_1 laptops-cols_inherit tablets-cols_inherit mobiles-cols_1 valign_top type_default stacking_default\"><div class=\"wpb_column vc_column_container\"><div class=\"vc_column-inner\"><div class=\"g-cols wpb_row us_custom_15f9d3f2 via_grid cols_3-2 laptops-cols_inherit tablets-cols_inherit mobiles-cols_1 valign_middle type_default reversed stacking_default\" style=\"--gap:3rem;\"><div class=\"wpb_column vc_column_container\"><div class=\"vc_column-inner\"><div class=\"w-text us_custom_d839199a has_text_color us_animate_this\"><span class=\"w-text-h\"><span class=\"w-text-value\">Nuestros servicios de publicidad digital<\/span><\/span><\/div><div class=\"w-separator size_small\"><\/div><div class=\"wpb_text_column\"><div class=\"wpb_wrapper\"><p class=\"western\"><span style=\"color: #000000;\"><span style=\"font-size: medium;\"><b>Google Ads: Aparece en los Primeros Resultados de B\u00fasqueda<\/b><\/span><\/span><\/p>\n<p>La mejor opci\u00f3n para captar clientes cuando buscan productos o servicios como los tuyos en Google. <strong>Incluye:<\/strong><\/p>\n<\/div><\/div><div class=\"w-separator size_small\"><\/div><div class=\"w-text us_custom_3412bfaf icon_atleft\"><span class=\"w-text-h\"><i class=\"fas fa-star\"><\/i><span class=\"w-text-value\">Publicidad en Google Search (b\u00fasqueda)<\/span><\/span><\/div><div class=\"w-text us_custom_3412bfaf icon_atleft\"><span class=\"w-text-h\"><i class=\"fas fa-star\"><\/i><span class=\"w-text-value\">Google Display (banners en webs y apps)<\/span><\/span><\/div><div class=\"w-text us_custom_3412bfaf icon_atleft\"><span class=\"w-text-h\"><i class=\"fas fa-star\"><\/i><span class=\"w-text-value\">Campa\u00f1as de Shopping para e-commerce.<\/span><\/span><\/div><div class=\"w-text us_custom_3412bfaf icon_atleft\"><span class=\"w-text-h\"><i class=\"fas fa-star\"><\/i><span class=\"w-text-value\">Anuncios en YouTube Ads para captar tr\u00e1fico con v\u00eddeo marketing.<\/span><\/span><\/div><div class=\"w-text us_custom_3412bfaf icon_atleft\"><span class=\"w-text-h\"><i class=\"fas fa-star\"><\/i><span class=\"w-text-value\">Remarketing para recuperar clientes potenciales.<\/span><\/span><\/div><div class=\"w-separator size_small\"><\/div><div class=\"w-text us_custom_4ea1c8c3 has_text_color\"><span class=\"w-text-h\"><span class=\"w-text-value\">Haz que tu negocio aparezca en Google ahora<\/span><\/span><\/div><div class=\"w-separator size_small\"><\/div><div class=\"w-btn-wrapper align_none\"><a class=\"w-btn us-btn-style_1 icon_atright\" href=\"\/contacto\"><span class=\"w-btn-label\">Quiero aparacer en Google<\/span><i class=\"fas fa-paper-plane\"><\/i><\/a><\/div><\/div><\/div><div class=\"wpb_column vc_column_container\"><div class=\"vc_column-inner\"><div class=\"w-image has_ratio align_none\"><div class=\"w-image-h\"><div style=\"padding-bottom:100%\"><\/div><img loading=\"lazy\" decoding=\"async\" class=\"g-placeholder\" src=\"https:\/\/5digitosproduccion.es\/wp-content\/plugins\/us-core\/assets\/images\/placeholder.svg\" width=\"1024\" height=\"1024\" alt><\/div><\/div><\/div><\/div><\/div><\/div><\/div><\/div><\/div><\/section><section class=\"l-section wpb_row height_medium\"><div class=\"l-section-h i-cf\"><div class=\"g-cols vc_row via_grid cols_1 laptops-cols_inherit tablets-cols_inherit mobiles-cols_1 valign_top type_default stacking_default\"><div class=\"wpb_column vc_column_container\"><div class=\"vc_column-inner\"><div class=\"g-cols wpb_row us_custom_15f9d3f2 via_grid cols_1-3 laptops-cols_inherit tablets-cols_inherit mobiles-cols_1 valign_middle type_default stacking_default\" style=\"--gap:3rem;\"><div class=\"wpb_column vc_column_container\"><div class=\"vc_column-inner\"><div class=\"w-image has_ratio align_none\"><div class=\"w-image-h\"><div style=\"padding-bottom:100%\"><\/div><img loading=\"lazy\" decoding=\"async\" class=\"g-placeholder\" src=\"https:\/\/5digitosproduccion.es\/wp-content\/plugins\/us-core\/assets\/images\/placeholder.svg\" width=\"1024\" height=\"1024\" alt><\/div><\/div><\/div><\/div><div class=\"wpb_column vc_column_container\"><div class=\"vc_column-inner\"><div class=\"w-text us_custom_d839199a has_text_color us_animate_this\"><span class=\"w-text-h\"><span class=\"w-text-value\">Meta Ads (Facebook e Instagram Ads): <br \/> Impacta a tu Audiencia Ideal<\/span><\/span><\/div><div class=\"w-separator size_small\"><\/div><div class=\"wpb_text_column\"><div class=\"wpb_wrapper\"><p>Publicidad en redes sociales para llegar a clientes potenciales de forma precisa y efectiva. <strong>Incluye:<\/strong><\/p>\n<\/div><\/div><div class=\"w-separator size_small\"><\/div><div class=\"w-text us_custom_3412bfaf icon_atleft\"><span class=\"w-text-h\"><i class=\"fas fa-star\"><\/i><span class=\"w-text-value\">Segmentaci\u00f3n detallada por intereses, ubicaci\u00f3n y comportamiento.<\/span><\/span><\/div><div class=\"w-text us_custom_3412bfaf icon_atleft\"><span class=\"w-text-h\"><i class=\"fas fa-star\"><\/i><span class=\"w-text-value\">Anuncios en Facebook e Instagram en distintos formatos (imagen, v\u00eddeo, carrusel).<\/span><\/span><\/div><div class=\"w-text us_custom_3412bfaf icon_atleft\"><span class=\"w-text-h\"><i class=\"fas fa-star\"><\/i><span class=\"w-text-value\">Campa\u00f1as de tr\u00e1fico, conversiones y generaci\u00f3n de leads.<\/span><\/span><\/div><div class=\"w-text us_custom_3412bfaf icon_atleft\"><span class=\"w-text-h\"><i class=\"fas fa-star\"><\/i><span class=\"w-text-value\">Estrategias de remarketing para clientes interesados.<\/span><\/span><\/div><div class=\"w-separator size_small\"><\/div><div class=\"w-text us_custom_4ea1c8c3 has_text_color\"><span class=\"w-text-h\"><span class=\"w-text-value\">Lanza tu campa\u00f1a en redes sociales<\/span><\/span><\/div><div class=\"w-separator size_small\"><\/div><div class=\"w-btn-wrapper align_none\"><a class=\"w-btn us-btn-style_1 icon_atright\" href=\"\/contacto\"><span class=\"w-btn-label\">Quiero redes sociales<\/span><i class=\"fas fa-comments\"><\/i><\/a><\/div><\/div><\/div><\/div><\/div><\/div><\/div><\/div><\/section><section class=\"l-section wpb_row height_medium\"><div class=\"l-section-overlay\" style=\"background:var(--color-content-bg-alt)\"><\/div><div class=\"l-section-h i-cf\"><div class=\"g-cols vc_row via_grid cols_1 laptops-cols_inherit tablets-cols_inherit mobiles-cols_1 valign_top type_default stacking_default\"><div class=\"wpb_column vc_column_container\"><div class=\"vc_column-inner\"><div class=\"g-cols wpb_row us_custom_15f9d3f2 via_grid cols_2-1 laptops-cols_inherit tablets-cols_inherit mobiles-cols_1 valign_middle type_default reversed stacking_default\" style=\"--gap:3rem;\"><div class=\"wpb_column vc_column_container\"><div class=\"vc_column-inner\"><div class=\"w-text us_custom_d839199a has_text_color us_animate_this\"><span class=\"w-text-h\"><span class=\"w-text-value\">TikTok Ads: Anuncios Creativos para Generar Engagement<\/span><\/span><\/div><div class=\"w-separator size_small\"><\/div><div class=\"wpb_text_column\"><div class=\"wpb_wrapper\"><p>Si tu p\u00fablico est\u00e1 en TikTok, una <b>estrategia publicitaria innovadora<\/b> puede hacer que tu marca destaque. <strong>Incluye:<\/strong><\/p>\n<\/div><\/div><div class=\"w-separator size_small\"><\/div><div class=\"w-text us_custom_3412bfaf icon_atleft\"><span class=\"w-text-h\"><i class=\"fas fa-star\"><\/i><span class=\"w-text-value\">Publicidad en Feed, Spark Ads y Branded Content.<\/span><\/span><\/div><div class=\"w-text us_custom_3412bfaf icon_atleft\"><span class=\"w-text-h\"><i class=\"fas fa-star\"><\/i><span class=\"w-text-value\">Segmentaci\u00f3n avanzada basada en tendencias y algoritmos de TikTok.<\/span><\/span><\/div><div class=\"w-text us_custom_3412bfaf icon_atleft\"><span class=\"w-text-h\"><i class=\"fas fa-star\"><\/i><span class=\"w-text-value\">Estrategias para aumentar viralidad y engagement.<\/span><\/span><\/div><div class=\"w-text us_custom_3412bfaf icon_atleft\"><span class=\"w-text-h\"><i class=\"fas fa-star\"><\/i><span class=\"w-text-value\">An\u00e1lisis y optimizaci\u00f3n para escalar campa\u00f1as exitosas.<\/span><\/span><\/div><div class=\"w-separator size_small\"><\/div><div class=\"w-text us_custom_4ea1c8c3 has_text_color\"><span class=\"w-text-h\"><span class=\"w-text-value\">Haz que tu marca triunfe en TikTok<\/span><\/span><\/div><div class=\"w-separator size_small\"><\/div><div class=\"w-btn-wrapper align_none\"><a class=\"w-btn us-btn-style_1 icon_atright\" href=\"\/contacto\"><span class=\"w-btn-label\">Quiero triunfar en TikTok<\/span><i class=\"fas fa-globe\"><\/i><\/a><\/div><\/div><\/div><div class=\"wpb_column vc_column_container\"><div class=\"vc_column-inner\"><div class=\"w-image has_ratio align_none\"><div class=\"w-image-h\"><div style=\"padding-bottom:100%\"><\/div><img loading=\"lazy\" decoding=\"async\" class=\"g-placeholder\" src=\"https:\/\/5digitosproduccion.es\/wp-content\/plugins\/us-core\/assets\/images\/placeholder.svg\" width=\"1024\" height=\"1024\" alt><\/div><\/div><\/div><\/div><\/div><\/div><\/div><\/div><\/div><\/section><section class=\"l-section wpb_row height_medium\"><div class=\"l-section-h i-cf\"><div class=\"g-cols vc_row via_grid cols_1 laptops-cols_inherit tablets-cols_inherit mobiles-cols_1 valign_top type_default stacking_default\"><div class=\"wpb_column vc_column_container\"><div class=\"vc_column-inner\"><div class=\"g-cols wpb_row us_custom_15f9d3f2 via_grid cols_1-2 laptops-cols_inherit tablets-cols_inherit mobiles-cols_1 valign_middle type_default stacking_default\" style=\"--gap:3rem;\"><div class=\"wpb_column vc_column_container\"><div class=\"vc_column-inner\"><div class=\"w-image has_ratio align_none\"><div class=\"w-image-h\"><div style=\"padding-bottom:100%\"><\/div><img loading=\"lazy\" decoding=\"async\" class=\"g-placeholder\" src=\"https:\/\/5digitosproduccion.es\/wp-content\/plugins\/us-core\/assets\/images\/placeholder.svg\" width=\"1024\" height=\"1024\" alt><\/div><\/div><\/div><\/div><div class=\"wpb_column vc_column_container\"><div class=\"vc_column-inner\"><div class=\"w-text us_custom_d839199a has_text_color us_animate_this\"><span class=\"w-text-h\"><span class=\"w-text-value\">X Ads (Twitter Ads): Publicidad para Marcas y Negocios en Conversaci\u00f3n<\/span><\/span><\/div><div class=\"w-separator size_small\"><\/div><div class=\"wpb_text_column\"><div class=\"wpb_wrapper\"><p>Anuncios dise\u00f1ados para interactuar con el p\u00fablico y aumentar la notoriedad de marca. <strong>Incluye:<\/strong><\/p>\n<\/div><\/div><div class=\"w-separator size_small\"><\/div><div class=\"w-text us_custom_3412bfaf icon_atleft\"><span class=\"w-text-h\"><i class=\"fas fa-star\"><\/i><span class=\"w-text-value\">Promoci\u00f3n de tweets para mayor alcance e interacciones.<\/span><\/span><\/div><div class=\"w-text us_custom_3412bfaf icon_atleft\"><span class=\"w-text-h\"><i class=\"fas fa-star\"><\/i><span class=\"w-text-value\">Campa\u00f1as de generaci\u00f3n de leads y tr\u00e1fico web.<\/span><\/span><\/div><div class=\"w-text us_custom_3412bfaf icon_atleft\"><span class=\"w-text-h\"><i class=\"fas fa-star\"><\/i><span class=\"w-text-value\">Segmentaci\u00f3n por intereses, ubicaciones y tendencias en tiempo real.<\/span><\/span><\/div><div class=\"w-text us_custom_3412bfaf icon_atleft\"><span class=\"w-text-h\"><i class=\"fas fa-star\"><\/i><span class=\"w-text-value\">An\u00e1lisis de impacto con Twitter Analytics.<\/span><\/span><\/div><div class=\"w-separator size_small\"><\/div><div class=\"w-text us_custom_4ea1c8c3 has_text_color\"><span class=\"w-text-h\"><span class=\"w-text-value\">An\u00fanciate en X (Twitter) ahora<\/span><\/span><\/div><div class=\"w-separator size_small\"><\/div><div class=\"w-btn-wrapper align_none\"><a class=\"w-btn us-btn-style_1 icon_atright\" href=\"\/contacto\"><span class=\"w-btn-label\">Quiero anunciarme en X (Twitter)<\/span><i class=\"fas fa-comments\"><\/i><\/a><\/div><\/div><\/div><\/div><\/div><\/div><\/div><\/div><\/section><section class=\"l-section wpb_row height_medium\"><div class=\"l-section-overlay\" style=\"background:var(--color-content-bg-alt)\"><\/div><div class=\"l-section-h i-cf\"><div class=\"g-cols vc_row via_grid cols_1 laptops-cols_inherit tablets-cols_inherit mobiles-cols_1 valign_top type_default stacking_default\"><div class=\"wpb_column vc_column_container\"><div class=\"vc_column-inner\"><div class=\"g-cols wpb_row us_custom_15f9d3f2 via_grid cols_1 laptops-cols_inherit tablets-cols_inherit mobiles-cols_1 valign_middle type_default stacking_default\" style=\"--gap:3rem;\"><div class=\"wpb_column vc_column_container\"><div class=\"vc_column-inner\"><div class=\"w-text us_custom_d839199a has_text_color us_animate_this\"><span class=\"w-text-h\"><span class=\"w-text-value\">\u00bfPara qui\u00e9n es nuestra agencia SEM?<\/span><\/span><\/div><div class=\"w-separator size_small\"><\/div><div class=\"w-text us_custom_3412bfaf icon_atleft\"><span class=\"w-text-h\"><i class=\"fas fa-star\"><\/i><span class=\"w-text-value\">Empresas y negocios locales que buscan atraer clientes en su ciudad.<\/span><\/span><\/div><div class=\"w-text us_custom_3412bfaf icon_atleft\"><span class=\"w-text-h\"><i class=\"fas fa-star\"><\/i><span class=\"w-text-value\">Tiendas online que necesitan vender m\u00e1s con anuncios optimizados.<\/span><\/span><\/div><div class=\"w-text us_custom_3412bfaf icon_atleft\"><span class=\"w-text-h\"><i class=\"fas fa-star\"><\/i><span class=\"w-text-value\">Marcas personales y emprendedores que quieren aumentar su visibilidad.<\/span><\/span><\/div><div class=\"w-text us_custom_3412bfaf icon_atleft\"><span class=\"w-text-h\"><i class=\"fas fa-star\"><\/i><span class=\"w-text-value\">Negocios en crecimiento que buscan tr\u00e1fico cualificado de forma r\u00e1pida.<\/span><\/span><\/div><div class=\"w-separator size_small\"><\/div><div class=\"w-text us_custom_4ea1c8c3 has_text_color\"><span class=\"w-text-h\"><span class=\"w-text-value\">Si quieres invertir en publicidad online, lo hacemos por ti.<\/span><\/span><\/div><div class=\"w-separator size_small\"><\/div><div class=\"w-btn-wrapper align_none\"><a class=\"w-btn us-btn-style_1 icon_atright\" href=\"\/contacto\"><span class=\"w-btn-label\">Cont\u00e1ctanos ahora<\/span><i class=\"fas fa-paper-plane\"><\/i><\/a><\/div><\/div><\/div><\/div><\/div><\/div><\/div><\/div><\/section><section class=\"l-section wpb_row height_medium width_custom\" style=\"--site-content-width:900px;\" id=\"section-02\"><div class=\"l-section-h i-cf\"><div class=\"g-cols vc_row via_grid cols_1 laptops-cols_inherit tablets-cols_inherit mobiles-cols_1 valign_top type_default stacking_default\"><div class=\"wpb_column vc_column_container\"><div class=\"vc_column-inner\"><h2 class=\"w-text us_custom_d839199a has_text_color us_animate_this\"><span class=\"w-text-h\"><span class=\"w-text-value\">Casos de \u00e9xito en publicidad digital<\/span><\/span><\/h2><div class=\"w-separator size_medium\"><\/div><div class=\"g-cols wpb_row us_custom_33b9ee00 via_grid cols_2 laptops-cols_inherit tablets-cols_2 mobiles-cols_1 valign_top type_default stacking_default\" style=\"--gap:3rem;\"><div class=\"wpb_column vc_column_container\"><div class=\"vc_column-inner\"><div class=\"w-image has_ratio align_none\"><div class=\"w-image-h\"><div style=\"padding-bottom:100%\"><\/div><img loading=\"lazy\" decoding=\"async\" class=\"g-placeholder\" src=\"https:\/\/5digitosproduccion.es\/wp-content\/plugins\/us-core\/assets\/images\/placeholder.svg\" width=\"1024\" height=\"1024\" alt><\/div><\/div><h5 class=\"w-text us_custom_771cfa3e\"><span class=\"w-text-h\"><span class=\"w-text-value\">Caso de \u00c9xito #1<\/span><\/span><\/h5><div class=\"wpb_text_column\"><div class=\"wpb_wrapper\"><p><b>Cl\u00ednica Dental en M\u00e1laga<br \/><\/b><\/p>\n<ul>\n<li><b>Desaf\u00edo:<\/b> Aumentar las reservas de citas en su web.<br \/><b><\/b><\/li>\n<li><b>Soluci\u00f3n:<\/b> Campa\u00f1as de <b>Google Ads + SEO Local<\/b>.<br \/><b><\/b><\/li>\n<li><b>Resultado:<\/b> Aumento del 250% en leads mensuales con reducci\u00f3n de coste por conversi\u00f3n.<\/li>\n<\/ul>\n<\/div><\/div><\/div><\/div><div class=\"wpb_column vc_column_container\"><div class=\"vc_column-inner\"><div class=\"w-image has_ratio align_none\"><div class=\"w-image-h\"><div style=\"padding-bottom:100%\"><\/div><img decoding=\"async\" class=\"g-placeholder\" src=\"https:\/\/5digitosproduccion.es\/wp-content\/plugins\/us-core\/assets\/images\/placeholder.svg\" width=\"\" height=\"\" alt><\/div><\/div><h5 class=\"w-text us_custom_771cfa3e\"><span class=\"w-text-h\"><span class=\"w-text-value\">Caso de \u00c9xito #2<\/span><\/span><\/h5><div class=\"wpb_text_column\"><div class=\"wpb_wrapper\"><p><b>Tienda Online de Moda<br \/><\/b><\/p>\n<ul>\n<li><b>Desaf\u00edo:<\/b> Incrementar ventas en su ecommerce.<br \/><b><\/b><\/li>\n<li><b>Soluci\u00f3n:<\/b> Estrategia de <b>Meta Ads + Google\u00a0<\/b><b>Shopping<\/b>.<br \/><b><\/b><\/li>\n<li><b>Resultado:<\/b> Crecimiento del 400% en ventas online en 3 meses.<\/li>\n<\/ul>\n<\/div><\/div><\/div><\/div><\/div><div class=\"w-separator size_medium\"><\/div><div class=\"w-text us_custom_9a57393d has_text_color\"><span class=\"w-text-h\"><span class=\"w-text-value\">\u00bfQuieres resultados como estos?<\/span><\/span><\/div><div class=\"w-separator size_small\"><\/div><div class=\"w-btn-wrapper align_center\"><a class=\"w-btn us-btn-style_1 icon_atright\" href=\"\/contacto\"><span class=\"w-btn-label\">Solicita tu estrategia ahora<\/span><i class=\"fas fa-paper-plane\"><\/i><\/a><\/div><\/div><\/div><\/div><\/div><\/section><section class=\"l-section wpb_row height_medium\"><div class=\"l-section-overlay\" style=\"background:var(--color-content-bg-alt)\"><\/div><div class=\"l-section-h i-cf\"><div class=\"g-cols vc_row via_grid cols_1 laptops-cols_inherit tablets-cols_inherit mobiles-cols_1 valign_top type_default stacking_default\"><div class=\"wpb_column vc_column_container\"><div class=\"vc_column-inner\"><h2 class=\"w-text us_custom_932b9e6f us_animate_this\"><span class=\"w-text-h\"><span class=\"w-text-value\">Lanza tu Campa\u00f1a SEM con Gold Marketing Hoy<\/span><\/span><\/h2><div class=\"g-cols wpb_row us_custom_15f9d3f2 via_grid cols_1 laptops-cols_inherit tablets-cols_inherit mobiles-cols_1 valign_middle type_default stacking_default\" style=\"--gap:3rem;\"><div class=\"wpb_column vc_column_container\"><div class=\"vc_column-inner\"><div class=\"w-text us_custom_a8ff8a7b has_text_color us_animate_this\"><span class=\"w-text-h\"><span class=\"w-text-value\">Optimiza tu inversi\u00f3n y atrae clientes con estrategias publicitarias de alto impacto.<\/span><\/span><\/div><div class=\"w-separator size_small\"><\/div><div class=\"wpb_text_column us_custom_3b0cf210\"><div class=\"wpb_wrapper\"><p style=\"text-align: center;\"><b>Solicita una consulta gratuita y recibe una propuesta SEM personalizada.<\/b><\/p>\n<\/div><\/div><div class=\"w-separator size_small\"><\/div><div class=\"w-text us_custom_9a57393d has_text_color\"><span class=\"w-text-h\"><span class=\"w-text-value\">Impulsa tu negocio con SEM ahora<\/span><\/span><\/div><div class=\"w-separator size_small\"><\/div><div class=\"w-btn-wrapper align_center\"><a class=\"w-btn us-btn-style_1 icon_atright\" href=\"\/contacto\"><span class=\"w-btn-label\">Quiero SEM ahora<\/span><i class=\"fas fa-thumbtack\"><\/i><\/a><\/div><\/div><\/div><\/div><\/div><\/div><\/div><\/div><\/section>\n","protected":false},"excerpt":{"rendered":"","protected":false},"author":1,"featured_media":267,"parent":153,"menu_order":0,"comment_status":"closed","ping_status":"closed","template":"","meta":{"footnotes":""},"class_list":["post-265","page","type-page","status-publish","has-post-thumbnail","hentry"],"_links":{"self":[{"href":"https:\/\/5digitosproduccion.es\/index.php?rest_route=\/wp\/v2\/pages\/265","targetHints":{"allow":["GET"]}}],"collection":[{"href":"https:\/\/5digitosproduccion.es\/index.php?rest_route=\/wp\/v2\/pages"}],"about":[{"href":"https:\/\/5digitosproduccion.es\/index.php?rest_route=\/wp\/v2\/types\/page"}],"author":[{"embeddable":true,"href":"https:\/\/5digitosproduccion.es\/index.php?rest_route=\/wp\/v2\/users\/1"}],"replies":[{"embeddable":true,"href":"https:\/\/5digitosproduccion.es\/index.php?rest_route=%2Fwp%2Fv2%2Fcomments&post=265"}],"version-history":[{"count":22,"href":"https:\/\/5digitosproduccion.es\/index.php?rest_route=\/wp\/v2\/pages\/265\/revisions"}],"predecessor-version":[{"id":431,"href":"https:\/\/5digitosproduccion.es\/index.php?rest_route=\/wp\/v2\/pages\/265\/revisions\/431"}],"up":[{"embeddable":true,"href":"https:\/\/5digitosproduccion.es\/index.php?rest_route=\/wp\/v2\/pages\/153"}],"wp:featuredmedia":[{"embeddable":true,"href":"https:\/\/5digitosproduccion.es\/index.php?rest_route=\/wp\/v2\/media\/267"}],"wp:attachment":[{"href":"https:\/\/5digitosproduccion.es\/index.php?rest_route=%2Fwp%2Fv2%2Fmedia&parent=265"}],"curies":[{"name":"wp","href":"https:\/\/api.w.org\/{rel}","templated":true}]}}