{"id":289,"date":"2025-02-07T11:06:05","date_gmt":"2025-02-07T10:06:05","guid":{"rendered":"https:\/\/5digitosproduccion.es\/?page_id=289"},"modified":"2025-02-10T11:31:58","modified_gmt":"2025-02-10T10:31:58","slug":"branding","status":"publish","type":"page","link":"https:\/\/5digitosproduccion.es\/?page_id=289","title":{"rendered":"Branding"},"content":{"rendered":"<section class=\"l-section wpb_row us_custom_f9d0b101 height_medium color_primary with_img parallax_ver parallaxdir_reversed\"><div class=\"l-section-img\" role=\"img\" data-img-width=\"1280\" data-img-height=\"853\" style=\"background-image: url(https:\/\/5digitosproduccion.es\/wp-content\/uploads\/2025\/02\/branding.jpg);background-repeat: no-repeat;\"><\/div><div class=\"l-section-overlay\" style=\"background:rgba(15,19,31,0.45)\"><\/div><div class=\"l-section-h i-cf\"><div class=\"g-cols vc_row via_grid cols_1 laptops-cols_inherit tablets-cols_inherit mobiles-cols_1 valign_middle type_default stacking_default\" style=\"--gap:0rem;\"><div class=\"wpb_column vc_column_container\"><div class=\"vc_column-inner\"><h1 class=\"w-text us_custom_190d7334 us_animate_this\"><span class=\"w-text-h\"><span class=\"w-text-value\">Branding: Construimos Marcas Memorables<\/span><\/span><\/h1><div class=\"w-text us_custom_c93f8789 has_text_color us_animate_this\"><span class=\"w-text-h\"><span class=\"w-text-value\">Dale a tu negocio una identidad \u00fanica y poderosa<\/span><\/span><\/div><div class=\"w-separator size_medium\"><\/div><div class=\"wpb_text_column us_custom_1970bb68\"><div class=\"wpb_wrapper\"><p>En <b>Gold Marketing<\/b>, transformamos ideas en marcas s\u00f3lidas y reconocibles. Un <b>Branding<\/b> bien definido te diferencia de la competencia, transmite confianza y crea una conexi\u00f3n real con tu audiencia.<\/p>\n<\/div><\/div><div class=\"w-separator size_medium\"><\/div><div class=\"w-text us_custom_511907f7 has_text_color us_animate_this\"><span class=\"w-text-h\"><span class=\"w-text-value\">Dise\u00f1o de marca | Estrategia de identidad | Posicionamiento | Storytelling<\/span><\/span><\/div><div class=\"w-separator size_medium\"><\/div><div class=\"w-btn-wrapper align_none\"><a class=\"w-btn us-btn-style_4 us_custom_8f2ba1f4 us_animate_this\" href=\"\/contacto\"><span class=\"w-btn-label\">Solicita una consultor\u00eda de branding<\/span><\/a><\/div><div class=\"w-separator size_small\"><\/div><\/div><\/div><\/div><\/div><\/section><section class=\"l-section wpb_row height_medium\"><div class=\"l-section-h i-cf\"><div class=\"g-cols vc_row via_grid cols_1 laptops-cols_inherit tablets-cols_inherit mobiles-cols_1 valign_top type_default stacking_default\"><div class=\"wpb_column vc_column_container\"><div class=\"vc_column-inner\"><div class=\"g-cols wpb_row via_grid cols_1 laptops-cols_inherit tablets-cols_inherit mobiles-cols_1 valign_top type_default stacking_default\" style=\"--gap:3rem;\"><div class=\"wpb_column vc_column_container\"><div class=\"vc_column-inner\"><h2 class=\"w-text\"><span class=\"w-text-h\"><span class=\"w-text-value\">Servicio de Branding<\/span><\/span><\/h2><\/div><\/div><\/div><div class=\"w-separator size_medium\"><\/div><div class=\"g-cols wpb_row us_custom_15f9d3f2 via_grid cols_1-2 laptops-cols_inherit tablets-cols_inherit mobiles-cols_1 valign_middle type_default stacking_default\" style=\"--gap:3rem;\"><div class=\"wpb_column vc_column_container\"><div class=\"vc_column-inner\"><div class=\"w-image has_ratio align_none\"><div class=\"w-image-h\"><div style=\"padding-bottom:100%\"><\/div><img loading=\"lazy\" decoding=\"async\" class=\"g-placeholder\" src=\"https:\/\/5digitosproduccion.es\/wp-content\/plugins\/us-core\/assets\/images\/placeholder.svg\" width=\"1024\" height=\"1024\" alt><\/div><\/div><\/div><\/div><div class=\"wpb_column vc_column_container\"><div class=\"vc_column-inner\"><div class=\"w-text us_custom_d839199a has_text_color us_animate_this\"><span class=\"w-text-h\"><span class=\"w-text-value\">\u00bfPor qu\u00e9 es importante el Branding?<\/span><\/span><\/div><div class=\"w-separator size_small\"><\/div><div class=\"wpb_text_column\"><div class=\"wpb_wrapper\"><p>El <b>Branding<\/b> no es solo un logotipo, es la personalidad de tu negocio. Con una identidad visual y estrat\u00e9gica bien desarrollada, <strong>consigues<\/strong>:<\/p>\n<\/div><\/div><div class=\"w-separator size_small\"><\/div><div class=\"w-text us_custom_3412bfaf icon_atleft\"><span class=\"w-text-h\"><i class=\"fas fa-star\"><\/i><span class=\"w-text-value\">Diferenciarte de la competencia y destacar en tu sector.<\/span><\/span><\/div><div class=\"w-text us_custom_3412bfaf icon_atleft\"><span class=\"w-text-h\"><i class=\"fas fa-star\"><\/i><span class=\"w-text-value\">Generar confianza y lealtad en tu p\u00fablico objetivo.<\/span><\/span><\/div><div class=\"w-text us_custom_3412bfaf icon_atleft\"><span class=\"w-text-h\"><i class=\"fas fa-star\"><\/i><span class=\"w-text-value\">Transmitir valores y emociones que conectan con los clientes.<\/span><\/span><\/div><div class=\"w-text us_custom_3412bfaf icon_atleft\"><span class=\"w-text-h\"><i class=\"fas fa-star\"><\/i><span class=\"w-text-value\">Aumentar el reconocimiento de marca y mejorar tu reputaci\u00f3n.<\/span><\/span><\/div><div class=\"w-separator size_small\"><\/div><div class=\"w-text us_custom_4ea1c8c3 has_text_color\"><span class=\"w-text-h\"><span class=\"w-text-value\">Si quieres que tu marca hable por ti, el Branding es la clave.<\/span><\/span><\/div><div class=\"w-separator size_small\"><\/div><div class=\"w-btn-wrapper align_none\"><a class=\"w-btn us-btn-style_1 icon_atright\" href=\"\/contacto\"><span class=\"w-btn-label\">Hablemos ahora<\/span><i class=\"fas fa-comments\"><\/i><\/a><\/div><\/div><\/div><\/div><\/div><\/div><\/div><\/div><\/section><section class=\"l-section wpb_row height_medium\"><div class=\"l-section-overlay\" style=\"background:var(--color-content-bg-alt)\"><\/div><div class=\"l-section-h i-cf\"><div class=\"g-cols vc_row via_grid cols_1 laptops-cols_inherit tablets-cols_inherit mobiles-cols_1 valign_top type_default stacking_default\"><div class=\"wpb_column vc_column_container\"><div class=\"vc_column-inner\"><div class=\"g-cols wpb_row us_custom_15f9d3f2 via_grid cols_3-2 laptops-cols_inherit tablets-cols_inherit mobiles-cols_1 valign_middle type_default reversed stacking_default\" style=\"--gap:3rem;\"><div class=\"wpb_column vc_column_container\"><div class=\"vc_column-inner\"><div class=\"w-text us_custom_d839199a has_text_color us_animate_this\"><span class=\"w-text-h\"><span class=\"w-text-value\">Nuestros servicios de Branding<\/span><\/span><\/div><div class=\"w-separator size_small\"><\/div><div class=\"wpb_text_column\"><div class=\"wpb_wrapper\"><p><strong>Creaci\u00f3n de Identidad Visual<\/strong><\/p>\n<p>Dise\u00f1amos una identidad visual \u00fanica y coherente con los valores de tu marca.\u00a0 <strong>Incluye:<\/strong><\/p>\n<\/div><\/div><div class=\"w-separator size_small\"><\/div><div class=\"w-text us_custom_3412bfaf icon_atleft\"><span class=\"w-text-h\"><i class=\"fas fa-star\"><\/i><span class=\"w-text-value\">Dise\u00f1o de logotipo profesional y adaptable.<\/span><\/span><\/div><div class=\"w-text us_custom_3412bfaf icon_atleft\"><span class=\"w-text-h\"><i class=\"fas fa-star\"><\/i><span class=\"w-text-value\">Creaci\u00f3n de paleta de colores y tipograf\u00edas.<\/span><\/span><\/div><div class=\"w-text us_custom_3412bfaf icon_atleft\"><span class=\"w-text-h\"><i class=\"fas fa-star\"><\/i><span class=\"w-text-value\">Dise\u00f1o de iconograf\u00eda y elementos gr\u00e1ficos.<\/span><\/span><\/div><div class=\"w-separator size_small\"><\/div><div class=\"w-text us_custom_4ea1c8c3 has_text_color\"><span class=\"w-text-h\"><span class=\"w-text-value\">Construye tu identidad visual<\/span><\/span><\/div><div class=\"w-separator size_small\"><\/div><div class=\"w-btn-wrapper align_none\"><a class=\"w-btn us-btn-style_1 icon_atright\" href=\"\/contacto\"><span class=\"w-btn-label\">Contactar<\/span><i class=\"fas fa-paper-plane\"><\/i><\/a><\/div><\/div><\/div><div class=\"wpb_column vc_column_container\"><div class=\"vc_column-inner\"><div class=\"w-image has_ratio align_none\"><div class=\"w-image-h\"><div style=\"padding-bottom:100%\"><\/div><img loading=\"lazy\" decoding=\"async\" class=\"g-placeholder\" src=\"https:\/\/5digitosproduccion.es\/wp-content\/plugins\/us-core\/assets\/images\/placeholder.svg\" width=\"1024\" height=\"1024\" alt><\/div><\/div><\/div><\/div><\/div><\/div><\/div><\/div><\/div><\/section><section class=\"l-section wpb_row height_medium\"><div class=\"l-section-h i-cf\"><div class=\"g-cols vc_row via_grid cols_1 laptops-cols_inherit tablets-cols_inherit mobiles-cols_1 valign_top type_default stacking_default\"><div class=\"wpb_column vc_column_container\"><div class=\"vc_column-inner\"><div class=\"g-cols wpb_row us_custom_15f9d3f2 via_grid cols_2-3 laptops-cols_inherit tablets-cols_inherit mobiles-cols_1 valign_middle type_default stacking_default\" style=\"--gap:3rem;\"><div class=\"wpb_column vc_column_container\"><div class=\"vc_column-inner\"><div class=\"w-image has_ratio align_none\"><div class=\"w-image-h\"><div style=\"padding-bottom:100%\"><\/div><img loading=\"lazy\" decoding=\"async\" class=\"g-placeholder\" src=\"https:\/\/5digitosproduccion.es\/wp-content\/plugins\/us-core\/assets\/images\/placeholder.svg\" width=\"1024\" height=\"1024\" alt><\/div><\/div><\/div><\/div><div class=\"wpb_column vc_column_container\"><div class=\"vc_column-inner\"><div class=\"w-text us_custom_d839199a has_text_color us_animate_this\"><span class=\"w-text-h\"><span class=\"w-text-value\">Estrategia de Branding y Posicionamiento<\/span><\/span><\/div><div class=\"w-separator size_small\"><\/div><div class=\"wpb_text_column\"><div class=\"wpb_wrapper\"><p>Definimos c\u00f3mo debe percibir tu marca el mercado y tu p\u00fablico objetivo. <strong>Incluye:<\/strong><\/p>\n<\/div><\/div><div class=\"w-separator size_small\"><\/div><div class=\"w-text us_custom_3412bfaf icon_atleft\"><span class=\"w-text-h\"><i class=\"fas fa-star\"><\/i><span class=\"w-text-value\">Creaci\u00f3n de propuesta de valor.<\/span><\/span><\/div><div class=\"w-text us_custom_3412bfaf icon_atleft\"><span class=\"w-text-h\"><i class=\"fas fa-star\"><\/i><span class=\"w-text-value\">Desarrollo de arquetipo y personalidad de marca.<\/span><\/span><\/div><div class=\"w-text us_custom_3412bfaf icon_atleft\"><span class=\"w-text-h\"><i class=\"fas fa-star\"><\/i><span class=\"w-text-value\">Estrategia de posicionamiento.<\/span><\/span><\/div><div class=\"w-separator size_small\"><\/div><div class=\"w-text us_custom_4ea1c8c3 has_text_color\"><span class=\"w-text-h\"><span class=\"w-text-value\">Haz que tu marca tenga un prop\u00f3sito claro<\/span><\/span><\/div><div class=\"w-separator size_small\"><\/div><div class=\"w-btn-wrapper align_none\"><a class=\"w-btn us-btn-style_1 icon_atright\" href=\"\/contacto\"><span class=\"w-btn-label\">Contactar<\/span><i class=\"fas fa-paper-plane\"><\/i><\/a><\/div><\/div><\/div><\/div><\/div><\/div><\/div><\/div><\/section><section class=\"l-section wpb_row height_medium\"><div class=\"l-section-overlay\" style=\"background:var(--color-content-bg-alt)\"><\/div><div class=\"l-section-h i-cf\"><div class=\"g-cols vc_row via_grid cols_1 laptops-cols_inherit tablets-cols_inherit mobiles-cols_1 valign_top type_default stacking_default\"><div class=\"wpb_column vc_column_container\"><div class=\"vc_column-inner\"><div class=\"g-cols wpb_row us_custom_15f9d3f2 via_grid cols_3-2 laptops-cols_inherit tablets-cols_inherit mobiles-cols_1 valign_middle type_default reversed stacking_default\" style=\"--gap:3rem;\"><div class=\"wpb_column vc_column_container\"><div class=\"vc_column-inner\"><div class=\"w-text us_custom_d839199a has_text_color us_animate_this\"><span class=\"w-text-h\"><span class=\"w-text-value\">Storytelling: La Historia de tu Marca<\/span><\/span><\/div><div class=\"w-separator size_small\"><\/div><div class=\"wpb_text_column\"><div class=\"wpb_wrapper\"><p>Creamos la historia detr\u00e1s de tu negocio para conectar con tu audiencia a nivel emocional.\u00a0<strong>Incluye:<\/strong><\/p>\n<\/div><\/div><div class=\"w-separator size_small\"><\/div><div class=\"w-text us_custom_3412bfaf icon_atleft\"><span class=\"w-text-h\"><i class=\"fas fa-star\"><\/i><span class=\"w-text-value\">Creaci\u00f3n de Misi\u00f3n, Visi\u00f3n y Valores.<\/span><\/span><\/div><div class=\"w-text us_custom_3412bfaf icon_atleft\"><span class=\"w-text-h\"><i class=\"fas fa-star\"><\/i><span class=\"w-text-value\">Desarrollo de tono y voz de marca.<\/span><\/span><\/div><div class=\"w-text us_custom_3412bfaf icon_atleft\"><span class=\"w-text-h\"><i class=\"fas fa-star\"><\/i><span class=\"w-text-value\">Estrategia de comunicaci\u00f3n.<\/span><\/span><\/div><div class=\"w-separator size_small\"><\/div><div class=\"w-text us_custom_4ea1c8c3 has_text_color\"><span class=\"w-text-h\"><span class=\"w-text-value\">Cuenta la historia de tu marca<\/span><\/span><\/div><div class=\"w-separator size_small\"><\/div><div class=\"w-btn-wrapper align_none\"><a class=\"w-btn us-btn-style_1 icon_atright\" href=\"\/contacto\"><span class=\"w-btn-label\">Contactar<\/span><i class=\"fas fa-paper-plane\"><\/i><\/a><\/div><\/div><\/div><div class=\"wpb_column vc_column_container\"><div class=\"vc_column-inner\"><div class=\"w-image has_ratio align_none\"><div class=\"w-image-h\"><div style=\"padding-bottom:100%\"><\/div><img loading=\"lazy\" decoding=\"async\" class=\"g-placeholder\" src=\"https:\/\/5digitosproduccion.es\/wp-content\/plugins\/us-core\/assets\/images\/placeholder.svg\" width=\"1024\" height=\"1024\" alt><\/div><\/div><\/div><\/div><\/div><\/div><\/div><\/div><\/div><\/section><section class=\"l-section wpb_row height_medium\"><div class=\"l-section-h i-cf\"><div class=\"g-cols vc_row via_grid cols_1 laptops-cols_inherit tablets-cols_inherit mobiles-cols_1 valign_top type_default stacking_default\"><div class=\"wpb_column vc_column_container\"><div class=\"vc_column-inner\"><div class=\"g-cols wpb_row us_custom_15f9d3f2 via_grid cols_2-3 laptops-cols_inherit tablets-cols_inherit mobiles-cols_1 valign_middle type_default stacking_default\" style=\"--gap:3rem;\"><div class=\"wpb_column vc_column_container\"><div class=\"vc_column-inner\"><div class=\"w-image has_ratio align_none\"><div class=\"w-image-h\"><div style=\"padding-bottom:100%\"><\/div><img loading=\"lazy\" decoding=\"async\" class=\"g-placeholder\" src=\"https:\/\/5digitosproduccion.es\/wp-content\/plugins\/us-core\/assets\/images\/placeholder.svg\" width=\"1024\" height=\"1024\" alt><\/div><\/div><\/div><\/div><div class=\"wpb_column vc_column_container\"><div class=\"vc_column-inner\"><div class=\"w-text us_custom_d839199a has_text_color us_animate_this\"><span class=\"w-text-h\"><span class=\"w-text-value\">Branding en Redes Sociales y Web<\/span><\/span><\/div><div class=\"w-separator size_small\"><\/div><div class=\"wpb_text_column\"><div class=\"wpb_wrapper\"><p>Dise\u00f1amos la presencia digital de tu marca para que sea coherente y atractiva en todas las plataformas. <strong>Incluye:<\/strong><\/p>\n<\/div><\/div><div class=\"w-separator size_small\"><\/div><div class=\"w-text us_custom_3412bfaf icon_atleft\"><span class=\"w-text-h\"><i class=\"fas fa-star\"><\/i><span class=\"w-text-value\">Dise\u00f1o de plantillas para redes sociales.<\/span><\/span><\/div><div class=\"w-text us_custom_3412bfaf icon_atleft\"><span class=\"w-text-h\"><i class=\"fas fa-star\"><\/i><span class=\"w-text-value\">Creaci\u00f3n de identidad visual para web y ecommerce.<\/span><\/span><\/div><div class=\"w-text us_custom_3412bfaf icon_atleft\"><span class=\"w-text-h\"><i class=\"fas fa-star\"><\/i><span class=\"w-text-value\">Estrategia de comunicaci\u00f3n visual.<\/span><\/span><\/div><div class=\"w-separator size_small\"><\/div><div class=\"w-text us_custom_4ea1c8c3 has_text_color\"><span class=\"w-text-h\"><span class=\"w-text-value\">Refuerza tu marca en digital<\/span><\/span><\/div><div class=\"w-separator size_small\"><\/div><div class=\"w-btn-wrapper align_none\"><a class=\"w-btn us-btn-style_1 icon_atright\" href=\"\/contacto\"><span class=\"w-btn-label\">Contactar<\/span><i class=\"fas fa-paper-plane\"><\/i><\/a><\/div><\/div><\/div><\/div><\/div><\/div><\/div><\/div><\/section><section class=\"l-section wpb_row height_medium\"><div class=\"l-section-overlay\" style=\"background:var(--color-content-bg-alt)\"><\/div><div class=\"l-section-h i-cf\"><div class=\"g-cols vc_row via_grid cols_1 laptops-cols_inherit tablets-cols_inherit mobiles-cols_1 valign_top type_default stacking_default\"><div class=\"wpb_column vc_column_container\"><div class=\"vc_column-inner\"><div class=\"g-cols wpb_row us_custom_15f9d3f2 via_grid cols_1 laptops-cols_inherit tablets-cols_inherit mobiles-cols_1 valign_middle type_default stacking_default\" style=\"--gap:3rem;\"><div class=\"wpb_column vc_column_container\"><div class=\"vc_column-inner\"><div class=\"w-text us_custom_d839199a has_text_color us_animate_this\"><span class=\"w-text-h\"><span class=\"w-text-value\">\u00bfPara qui\u00e9n es nuestro servicio de Branding?<\/span><\/span><\/div><div class=\"w-separator size_small\"><\/div><div class=\"w-text us_custom_3412bfaf icon_atleft\"><span class=\"w-text-h\"><i class=\"fas fa-star\"><\/i><span class=\"w-text-value\">Emprendedores que quieren lanzar una marca con una identidad fuerte.<\/span><\/span><\/div><div class=\"w-text us_custom_3412bfaf icon_atleft\"><span class=\"w-text-h\"><i class=\"fas fa-star\"><\/i><span class=\"w-text-value\">Negocios y empresas que necesitan una imagen renovada y actual.<\/span><\/span><\/div><div class=\"w-text us_custom_3412bfaf icon_atleft\"><span class=\"w-text-h\"><i class=\"fas fa-star\"><\/i><span class=\"w-text-value\">Marcas personales que buscan posicionarse en su sector.<\/span><\/span><\/div><div class=\"w-text us_custom_3412bfaf icon_atleft\"><span class=\"w-text-h\"><i class=\"fas fa-star\"><\/i><span class=\"w-text-value\">Startups que desean construir una identidad potente desde el inicio.<\/span><\/span><\/div><div class=\"w-separator size_small\"><\/div><div class=\"w-text us_custom_4ea1c8c3 has_text_color\"><span class=\"w-text-h\"><span class=\"w-text-value\">Si quieres que tu marca impacte y perdure, el Branding es la clave.<\/span><\/span><\/div><div class=\"w-separator size_small\"><\/div><div class=\"w-btn-wrapper align_none\"><a class=\"w-btn us-btn-style_1 icon_atright\" href=\"\/contacto\"><span class=\"w-btn-label\">Cont\u00e1ctanos ahora<\/span><i class=\"fas fa-paper-plane\"><\/i><\/a><\/div><\/div><\/div><\/div><\/div><\/div><\/div><\/div><\/section><section class=\"l-section wpb_row height_medium width_custom\" style=\"--site-content-width:900px;\" id=\"section-02\"><div class=\"l-section-h i-cf\"><div class=\"g-cols vc_row via_grid cols_1 laptops-cols_inherit tablets-cols_inherit mobiles-cols_1 valign_top type_default stacking_default\"><div class=\"wpb_column vc_column_container\"><div class=\"vc_column-inner\"><h2 class=\"w-text us_custom_d839199a has_text_color us_animate_this\"><span class=\"w-text-h\"><span class=\"w-text-value\">Casos de \u00e9xito en Branding<\/span><\/span><\/h2><div class=\"w-separator size_medium\"><\/div><div class=\"g-cols wpb_row us_custom_33b9ee00 via_grid cols_2 laptops-cols_inherit tablets-cols_2 mobiles-cols_1 valign_top type_default stacking_default\" style=\"--gap:3rem;\"><div class=\"wpb_column vc_column_container\"><div class=\"vc_column-inner\"><div class=\"w-image has_ratio align_none\"><div class=\"w-image-h\"><div style=\"padding-bottom:100%\"><\/div><img loading=\"lazy\" decoding=\"async\" width=\"150\" height=\"150\" src=\"https:\/\/5digitosproduccion.es\/wp-content\/uploads\/2025\/02\/Caso-de-exito-Oncotraining-150x150-min.jpg\" class=\"attachment-large size-large\" alt=\"\" \/><\/div><\/div><h5 class=\"w-text us_custom_771cfa3e\"><span class=\"w-text-h\"><span class=\"w-text-value\">Caso de \u00c9xito #1<\/span><\/span><\/h5><div class=\"wpb_text_column\"><div class=\"wpb_wrapper\"><p><b>Oncotraining<br \/><\/b><\/p>\n<ul>\n<li><b>Desaf\u00edo:<\/b> Crear una identidad visual fuerte para un centro de entrenamiento especializado.<br \/><b><\/b><\/li>\n<li><b>Soluci\u00f3n:<\/b> Estrategia de <b>Branding<\/b> con logotipo, storytelling y tono de comunicaci\u00f3n.<br \/><b><\/b><\/li>\n<li><b>Resultado:<\/b> Crecimiento del 200% en clientes y reconocimiento en el sector.<\/li>\n<\/ul>\n<\/div><\/div><\/div><\/div><div class=\"wpb_column vc_column_container\"><div class=\"vc_column-inner\"><div class=\"w-image has_ratio align_none\"><div class=\"w-image-h\"><div style=\"padding-bottom:100%\"><\/div><img decoding=\"async\" class=\"g-placeholder\" src=\"https:\/\/5digitosproduccion.es\/wp-content\/plugins\/us-core\/assets\/images\/placeholder.svg\" width=\"\" height=\"\" alt><\/div><\/div><h5 class=\"w-text us_custom_771cfa3e\"><span class=\"w-text-h\"><span class=\"w-text-value\">Caso de \u00c9xito #2<\/span><\/span><\/h5><div class=\"wpb_text_column\"><div class=\"wpb_wrapper\"><p><b>E-commerce de Moda<br \/><\/b><\/p>\n<ul>\n<li><b>Desaf\u00edo:<\/b> Crear una imagen de marca atractiva y coherente en web y redes sociales.<br \/><b><\/b><\/li>\n<li><b>Soluci\u00f3n:<\/b> Desarrollo de identidad visual, storytelling y branding digital.<br \/><b><\/b><\/li>\n<li><b>Resultado:<\/b> Aumento del engagement y crecimiento de seguidores en un 350%.<\/li>\n<\/ul>\n<\/div><\/div><\/div><\/div><\/div><div class=\"w-separator size_medium\"><\/div><div class=\"w-text us_custom_9a57393d has_text_color\"><span class=\"w-text-h\"><span class=\"w-text-value\">\u00bfQuieres que tu marca sea el pr\u00f3ximo caso de \u00e9xito? <\/span><\/span><\/div><div class=\"w-separator size_small\"><\/div><div class=\"w-btn-wrapper align_center\"><a class=\"w-btn us-btn-style_1 icon_atright\" href=\"\/contacto\"><span class=\"w-btn-label\">Hablemos ahora<\/span><i class=\"fas fa-paper-plane\"><\/i><\/a><\/div><\/div><\/div><\/div><\/div><\/section><section class=\"l-section wpb_row height_medium\"><div class=\"l-section-overlay\" style=\"background:var(--color-content-bg-alt)\"><\/div><div class=\"l-section-h i-cf\"><div class=\"g-cols vc_row via_grid cols_1 laptops-cols_inherit tablets-cols_inherit mobiles-cols_1 valign_top type_default stacking_default\"><div class=\"wpb_column vc_column_container\"><div class=\"vc_column-inner\"><h2 class=\"w-text us_custom_932b9e6f us_animate_this\"><span class=\"w-text-h\"><span class=\"w-text-value\">Haz que tu Marca Brille con un Branding Profesional<\/span><\/span><\/h2><div class=\"g-cols wpb_row us_custom_15f9d3f2 via_grid cols_1 laptops-cols_inherit tablets-cols_inherit mobiles-cols_1 valign_middle type_default stacking_default\" style=\"--gap:3rem;\"><div class=\"wpb_column vc_column_container\"><div class=\"vc_column-inner\"><div class=\"w-text us_custom_a8ff8a7b has_text_color us_animate_this\"><span class=\"w-text-h\"><span class=\"w-text-value\">Crea una marca aut\u00e9ntica, diferenciadora y con prop\u00f3sito.<\/span><\/span><\/div><div class=\"w-separator size_small\"><\/div><div class=\"wpb_text_column us_custom_3b0cf210\"><div class=\"wpb_wrapper\"><p style=\"text-align: center;\">En <b>Gold Marketing<\/b>, dise\u00f1amos estrategias de <b>Branding<\/b> que posicionan y potencian marcas con identidad propia.<\/p>\n<\/div><\/div><div class=\"w-separator size_small\"><\/div><div class=\"w-text us_custom_9a57393d has_text_color\"><span class=\"w-text-h\"><span class=\"w-text-value\">Solicita una consultor\u00eda de Branding y lleva tu marca al siguiente nivel.<\/span><\/span><\/div><div class=\"w-separator size_small\"><\/div><div class=\"w-btn-wrapper align_center\"><a class=\"w-btn us-btn-style_1 icon_atright\" href=\"\/contacto\"><span class=\"w-btn-label\">Construye tu marca con nosotros<\/span><i class=\"fas fa-thumbtack\"><\/i><\/a><\/div><\/div><\/div><\/div><\/div><\/div><\/div><\/div><\/section>\n","protected":false},"excerpt":{"rendered":"","protected":false},"author":1,"featured_media":291,"parent":153,"menu_order":0,"comment_status":"closed","ping_status":"closed","template":"","meta":{"footnotes":""},"class_list":["post-289","page","type-page","status-publish","has-post-thumbnail","hentry"],"_links":{"self":[{"href":"https:\/\/5digitosproduccion.es\/index.php?rest_route=\/wp\/v2\/pages\/289","targetHints":{"allow":["GET"]}}],"collection":[{"href":"https:\/\/5digitosproduccion.es\/index.php?rest_route=\/wp\/v2\/pages"}],"about":[{"href":"https:\/\/5digitosproduccion.es\/index.php?rest_route=\/wp\/v2\/types\/page"}],"author":[{"embeddable":true,"href":"https:\/\/5digitosproduccion.es\/index.php?rest_route=\/wp\/v2\/users\/1"}],"replies":[{"embeddable":true,"href":"https:\/\/5digitosproduccion.es\/index.php?rest_route=%2Fwp%2Fv2%2Fcomments&post=289"}],"version-history":[{"count":20,"href":"https:\/\/5digitosproduccion.es\/index.php?rest_route=\/wp\/v2\/pages\/289\/revisions"}],"predecessor-version":[{"id":422,"href":"https:\/\/5digitosproduccion.es\/index.php?rest_route=\/wp\/v2\/pages\/289\/revisions\/422"}],"up":[{"embeddable":true,"href":"https:\/\/5digitosproduccion.es\/index.php?rest_route=\/wp\/v2\/pages\/153"}],"wp:featuredmedia":[{"embeddable":true,"href":"https:\/\/5digitosproduccion.es\/index.php?rest_route=\/wp\/v2\/media\/291"}],"wp:attachment":[{"href":"https:\/\/5digitosproduccion.es\/index.php?rest_route=%2Fwp%2Fv2%2Fmedia&parent=289"}],"curies":[{"name":"wp","href":"https:\/\/api.w.org\/{rel}","templated":true}]}}