{"id":307,"date":"2025-02-07T11:33:47","date_gmt":"2025-02-07T10:33:47","guid":{"rendered":"https:\/\/5digitosproduccion.es\/?page_id=307"},"modified":"2025-02-07T12:17:25","modified_gmt":"2025-02-07T11:17:25","slug":"sobre-nosotros","status":"publish","type":"page","link":"https:\/\/5digitosproduccion.es\/?page_id=307","title":{"rendered":"Sobre nosotros"},"content":{"rendered":"<section class=\"l-section wpb_row us_custom_36d5aee2 height_medium color_primary with_img parallax_ver parallaxdir_reversed\"><div class=\"l-section-img\" role=\"img\" data-img-width=\"1280\" data-img-height=\"720\" style=\"background-image: url(https:\/\/5digitosproduccion.es\/wp-content\/uploads\/2025\/02\/nosotros_2.jpg);background-repeat: no-repeat;\"><\/div><div class=\"l-section-overlay\" style=\"background:rgba(15,19,31,0.45)\"><\/div><div class=\"l-section-h i-cf\"><div class=\"g-cols vc_row via_grid cols_1 laptops-cols_inherit tablets-cols_inherit mobiles-cols_1 valign_middle type_default stacking_default\" style=\"--gap:0rem;\"><div class=\"wpb_column vc_column_container\"><div class=\"vc_column-inner\"><h1 class=\"w-text us_custom_190d7334 us_animate_this\"><span class=\"w-text-h\"><span class=\"w-text-value\">Sobre Nosotros<\/span><\/span><\/h1><\/div><\/div><\/div><\/div><\/section><section class=\"l-section wpb_row height_medium\"><div class=\"l-section-overlay\" style=\"background:var(--color-content-bg-alt)\"><\/div><div class=\"l-section-h i-cf\"><div class=\"g-cols vc_row via_grid cols_2 laptops-cols_inherit tablets-cols_inherit mobiles-cols_1 valign_middle type_default stacking_default\"><div class=\"wpb_column vc_column_container\"><div class=\"vc_column-inner\"><h2 class=\"w-text us_custom_47474b22 us_animate_this\"><span class=\"w-text-h\"><span class=\"w-text-value\">Nuestra Historia<\/span><\/span><\/h2><div class=\"w-separator size_small\"><\/div><div class=\"wpb_text_column\"><div class=\"wpb_wrapper\"><p>En <b>Gold Marketing<\/b>, nos apasiona impulsar el crecimiento de las empresas a trav\u00e9s de estrategias de marketing digital efectivas. Desde nuestra fundaci\u00f3n, hemos trabajado con una variedad de clientes, ayud\u00e1ndoles a alcanzar sus objetivos y a destacar en el competitivo mundo digital.<\/p>\n<\/div><\/div><\/div><\/div><div class=\"wpb_column vc_column_container\"><div class=\"vc_column-inner\"><div class=\"w-image align_none\"><div class=\"w-image-h\"><img loading=\"lazy\" decoding=\"async\" width=\"1024\" height=\"683\" src=\"https:\/\/5digitosproduccion.es\/wp-content\/uploads\/2025\/02\/DSC0239-1024x683.jpg\" class=\"attachment-large size-large\" alt=\"\" srcset=\"https:\/\/5digitosproduccion.es\/wp-content\/uploads\/2025\/02\/DSC0239-1024x683.jpg 1024w, https:\/\/5digitosproduccion.es\/wp-content\/uploads\/2025\/02\/DSC0239-300x200.jpg 300w\" sizes=\"auto, (max-width: 1024px) 100vw, 1024px\" \/><\/div><\/div><\/div><\/div><\/div><\/div><\/section><section class=\"l-section wpb_row height_medium\"><div class=\"l-section-h i-cf\"><div class=\"g-cols vc_row via_grid cols_2 laptops-cols_inherit tablets-cols_inherit mobiles-cols_1 valign_middle type_default reversed stacking_default\"><div class=\"wpb_column vc_column_container\"><div class=\"vc_column-inner\"><div class=\"w-image align_none\"><div class=\"w-image-h\"><img loading=\"lazy\" decoding=\"async\" width=\"1024\" height=\"576\" src=\"https:\/\/5digitosproduccion.es\/wp-content\/uploads\/2025\/02\/Mariam-formacion-24-10a-1024x576.jpg\" class=\"attachment-large size-large\" alt=\"\" srcset=\"https:\/\/5digitosproduccion.es\/wp-content\/uploads\/2025\/02\/Mariam-formacion-24-10a-1024x576.jpg 1024w, https:\/\/5digitosproduccion.es\/wp-content\/uploads\/2025\/02\/Mariam-formacion-24-10a-300x169.jpg 300w, https:\/\/5digitosproduccion.es\/wp-content\/uploads\/2025\/02\/Mariam-formacion-24-10a.jpg 1920w\" sizes=\"auto, (max-width: 1024px) 100vw, 1024px\" \/><\/div><\/div><\/div><\/div><div class=\"wpb_column vc_column_container\"><div class=\"vc_column-inner\"><h2 class=\"w-text us_custom_47474b22 us_animate_this\"><span class=\"w-text-h\"><span class=\"w-text-value\">Nuestro Equipo<\/span><\/span><\/h2><div class=\"w-separator size_small\"><\/div><div class=\"wpb_text_column\"><div class=\"wpb_wrapper\"><p>Contamos con un equipo de profesionales especializados en diversas \u00e1reas del marketing digital, incluyendo SEO, gesti\u00f3n de redes sociales, dise\u00f1o web y branding. Nuestra diversidad de habilidades nos permite ofrecer soluciones integrales y personalizadas para cada cliente.<\/p>\n<\/div><\/div><\/div><\/div><\/div><\/div><\/section><section class=\"l-section wpb_row height_medium\"><div class=\"l-section-overlay\" style=\"background:var(--color-content-bg-alt)\"><\/div><div class=\"l-section-h i-cf\"><div class=\"g-cols vc_row via_grid cols_2 laptops-cols_inherit tablets-cols_inherit mobiles-cols_1 valign_middle type_default stacking_default\"><div class=\"wpb_column vc_column_container\"><div class=\"vc_column-inner\"><h2 class=\"w-text us_custom_47474b22 us_animate_this\"><span class=\"w-text-h\"><span class=\"w-text-value\">Nuestra Misi\u00f3n<\/span><\/span><\/h2><div class=\"w-separator size_small\"><\/div><div class=\"wpb_text_column\"><div class=\"wpb_wrapper\"><p>Nuestra misi\u00f3n es proporcionar estrategias de marketing digital que generen resultados tangibles, ayudando a las empresas a crecer y a alcanzar su m\u00e1ximo potencial en el entorno digital.<\/p>\n<\/div><\/div><\/div><\/div><div class=\"wpb_column vc_column_container\"><div class=\"vc_column-inner\"><div class=\"w-image align_none\"><div class=\"w-image-h\"><img loading=\"lazy\" decoding=\"async\" width=\"1024\" height=\"683\" src=\"https:\/\/5digitosproduccion.es\/wp-content\/uploads\/2025\/02\/2013-nueva-oficina-1024x683.jpg\" class=\"attachment-large size-large\" alt=\"\" srcset=\"https:\/\/5digitosproduccion.es\/wp-content\/uploads\/2025\/02\/2013-nueva-oficina-1024x683.jpg 1024w, https:\/\/5digitosproduccion.es\/wp-content\/uploads\/2025\/02\/2013-nueva-oficina-300x200.jpg 300w\" sizes=\"auto, (max-width: 1024px) 100vw, 1024px\" \/><\/div><\/div><\/div><\/div><\/div><\/div><\/section><section class=\"l-section wpb_row us_custom_68bb4a44 height_medium width_full\"><div class=\"l-section-h i-cf\"><div class=\"g-cols vc_row via_grid cols_2 laptops-cols_inherit tablets-cols_inherit mobiles-cols_1 valign_top type_default reversed stacking_default\"><div class=\"wpb_column vc_column_container\"><div class=\"vc_column-inner\"><h2 class=\"w-text us_custom_1f257949\"><span class=\"w-text-h\"><span class=\"w-text-value\">Cont\u00e1ctanos<\/span><\/span><\/h2><div class=\"wpb_text_column\"><div class=\"wpb_wrapper\"><p>Puedes comunicarte con nosotros a trav\u00e9s del siguiente formulario de contacto:<\/p>\n<\/div><\/div><div class=\"w-separator size_small\"><\/div><form class=\"w-form  layout_ver for_cform us_form_1\" autocomplete=\"off\" action=\"https:\/\/5digitosproduccion.es\/index.php?rest_route=%2Fwp%2Fv2%2Fpages%2F307\" method=\"post\" id=\"formulario\"><div class=\"w-form-h\"><div class=\"w-form-row for_text required with_icon\">\r\n\t\t<div class=\"w-form-row-field\">\r\n\t\t\t\t<i class=\"far fa-user\"><\/i>\t\t<input aria-label=\"Nombre\" type=\"text\" name=\"us_form_1_text_1\" value placeholder=\"Nombre *\" data-required=\"true\" aria-required=\"true\"\/>\r\n\t\t\t<\/div>\r\n\t\t<div class=\"w-form-row-state\">Rellena este campo<\/div>\r\n<\/div>\r\n<div class=\"w-form-row for_text required with_icon cols_2\">\r\n\t\t<div class=\"w-form-row-field\">\r\n\t\t\t\t<i class=\"far fa-envelope\"><\/i>\t\t<input aria-label=\"Tu Email\" type=\"text\" name=\"us_form_1_text_2\" value placeholder=\"Tu Email *\" data-required=\"true\" aria-required=\"true\"\/>\r\n\t\t\t<\/div>\r\n\t\t<div class=\"w-form-row-state\">Rellena este campo<\/div>\r\n<\/div>\r\n<div class=\"w-form-row for_text with_icon cols_2\">\r\n\t\t<div class=\"w-form-row-field\">\r\n\t\t\t\t<i class=\"far fa-phone-alt\"><\/i>\t\t<input aria-label=\"Tel\u00e9fono\" inputmode=\"tel\" type=\"text\" name=\"us_form_1_text_3\" value placeholder=\"Tel\u00e9fono\"\/>\r\n\t\t\t<\/div>\r\n\t\t<div class=\"w-form-row-state\">Rellena este campo<\/div>\r\n<\/div>\r\n<div class=\"w-form-row for_textarea with_icon\">\r\n\t\t<div class=\"w-form-row-field\">\r\n\t\t\t\t<i class=\"far fa-pencil\"><\/i>\t\t<textarea aria-label=\"Mensaje\" name=\"us_form_1_textarea_1\" placeholder=\"Mensaje\"><\/textarea>\r\n\t\t\t<\/div>\r\n\t\t<div class=\"w-form-row-state\">Rellena este campo<\/div>\r\n<\/div>\r\n<div class=\"w-form-row for_captcha required cols_4\">\r\n\t<div class=\"w-form-row-label\">\r\n\t\t<span> <span>24 + 8 = ?<\/span><\/span>\r\n\t<\/div>\r\n\t<div class=\"w-form-row-field\">\r\n\t\t\t\t<input type=\"hidden\" name=\"us_form_1_captcha_1_hash\" value=\"4c391aa599daccec23efe371070bdbcb\" \/>\r\n\t\t\t\t<input aria-label=\"us_form_1_captcha_1\" type=\"text\" name=\"us_form_1_captcha_1\" placeholder data-required=\"true\" aria-required=\"true\"\/>\r\n\t\t\t<\/div>\r\n\t\t<div class=\"w-form-row-state\">Escriba el resultado de la operaci\u00f3n para continuar<\/div>\r\n<\/div>\r\n<div class=\"w-form-row for_agreement required\">\r\n\t\t<div class=\"w-form-row-field\">\r\n\t\t\t\t<label>\r\n\t\t\t<input type=\"checkbox\" value=\"1\" data-required=\"true\" aria-required=\"true\" name=\"us_form_1_agreement_1\"\/>\r\n\t\t\t<span>He le\u00eddo y acepto la <a href=\"\/politica-privacidad\">Pol\u00edtica de Privacidad<\/a><\/span>\r\n\t\t<\/label>\r\n\t\t\t<\/div>\r\n\t\t<div class=\"w-form-row-state\">Tienes que aprobar los t\u00e9rminos para continuar<\/div>\r\n<\/div>\r\n<input type=\"hidden\" name=\"action\" value=\"us_ajax_cform\" \/>\r\n<input type=\"hidden\" name=\"post_id\" value=\"0\" \/>\r\n<input type=\"hidden\" name=\"form_index\" value=\"1\" \/>\r\n<div class=\"w-form-row for_submit align_left\">\r\n\t<button class=\"w-btn icon_atright us-btn-style_1\" aria-label=\"Enviar\" type=\"submit\">\r\n\t\t<span class=\"g-preloader type_1\"><\/span>\r\n\t\t\t\t<span class=\"w-btn-label\">Enviar<\/span>\r\n\t\t<i class=\"far fa-paper-plane\"><\/i>\t<\/button>\r\n\t<\/div>\r\n<\/div><div class=\"w-form-message\"><\/div><div class=\"w-form-json hidden\" onclick='return {&quot;ajaxurl&quot;:&quot;https:\\\/\\\/5digitosproduccion.es\\\/wp-admin\\\/admin-ajax.php&quot;,&quot;messages&quot;:{&quot;err_empty&quot;:&quot;Rellena este campo&quot;,&quot;err_size&quot;:&quot;El tama\\u00f1o del archivo no puede exceder %s MB&quot;,&quot;err_extension&quot;:&quot;El tipo de archivo %s no est\\u00e1 permitido&quot;}}'><\/div><\/form><\/div><\/div><div class=\"wpb_column vc_column_container us_custom_8e923c5a\"><div class=\"vc_column-inner\"><h2 class=\"w-text us_custom_1f257949\"><span class=\"w-text-h\"><span class=\"w-text-value\">Con\u00e9ctate con Nosotros<\/span><\/span><\/h2><div class=\"wpb_text_column\"><div class=\"wpb_wrapper\"><p>S\u00edguenos en nuestras redes sociales para mantenerte al d\u00eda con las \u00faltimas novedades y consejos de marketing:<\/p>\n<\/div><\/div><div class=\"w-separator size_small\"><\/div><div class=\"w-hwrapper valign_top align_none\"><div class=\"w-text us_custom_720b76ed has_text_color icon_atleft\"><a target=\"_blank\" href=\"https:\/\/www.instagram.com\/gold_mkt\/\" aria-label=\"Enlace\" class=\"w-text-h\"><i class=\"fab fa-instagram\"><\/i><span class=\"w-text-value\"><\/span><\/a><\/div><div class=\"w-text us_custom_deb1c0b7 has_text_color icon_atleft\"><a target=\"_blank\" href=\"https:\/\/www.facebook.com\/thegoldmkt\/\" aria-label=\"Enlace\" class=\"w-text-h\"><i class=\"fab fa-facebook\"><\/i><span class=\"w-text-value\"><\/span><\/a><\/div><\/div><div class=\"w-separator size_small\"><\/div><div class=\"w-text us_custom_99603ccf has_text_color icon_atleft\"><span class=\"w-text-h\"><i class=\"fas fa-map-pin\"><\/i><span class=\"w-text-value\">Carril de la Cordobesa, 29, 29003 M\u00e1laga<\/span><\/span><\/div><div class=\"w-text us_custom_1275c3ef has_text_color icon_atleft\"><span class=\"w-text-h\"><i class=\"fas fa-mobile-alt\"><\/i><span class=\"w-text-value\">+34 656 35 82 33<\/span><\/span><\/div><div class=\"w-text us_custom_99603ccf has_text_color icon_atleft\"><a href=\"mailto:info@goldmkg.es\" class=\"w-text-h\"><i class=\"fas fa-envelope\"><\/i><span class=\"w-text-value\">info@goldmkg.es<\/span><\/a><\/div><div class=\"w-separator size_medium\"><\/div><\/div><\/div><\/div><\/div><\/section><section class=\"l-section wpb_row height_auto width_full\"><div class=\"l-section-h i-cf\"><div class=\"g-cols vc_row via_grid cols_1 laptops-cols_inherit tablets-cols_inherit mobiles-cols_1 valign_top type_default stacking_default\"><div class=\"wpb_column vc_column_container\"><div class=\"vc_column-inner\"><div class=\"w-html\"><iframe src=\"https:\/\/www.google.com\/maps\/embed?pb=!1m18!1m12!1m3!1d2689.8054742395957!2d-4.44314139885371!3d36.70488598373079!2m3!1f0!2f0!3f0!3m2!1i1024!2i768!4f13.1!3m3!1m2!1s0xd72f778d4ee00a1%3A0x5ab33c81d01b3296!2sCarril%20de%20la%20Cordobesa%2C%2029%2C%20Carretera%20de%20C%C3%A1diz%2C%2029003%20M%C3%A1laga!5e0!3m2!1ses!2ses!4v1738925889606!5m2!1ses!2ses\" width=\"100%\" height=\"400\" style=\"border:0;\" allowfullscreen=\"\" loading=\"lazy\" referrerpolicy=\"no-referrer-when-downgrade\"><\/iframe><\/div><\/div><\/div><\/div><\/div><\/section>\n","protected":false},"excerpt":{"rendered":"","protected":false},"author":1,"featured_media":0,"parent":0,"menu_order":0,"comment_status":"closed","ping_status":"closed","template":"","meta":{"footnotes":""},"class_list":["post-307","page","type-page","status-publish","hentry"],"_links":{"self":[{"href":"https:\/\/5digitosproduccion.es\/index.php?rest_route=\/wp\/v2\/pages\/307","targetHints":{"allow":["GET"]}}],"collection":[{"href":"https:\/\/5digitosproduccion.es\/index.php?rest_route=\/wp\/v2\/pages"}],"about":[{"href":"https:\/\/5digitosproduccion.es\/index.php?rest_route=\/wp\/v2\/types\/page"}],"author":[{"embeddable":true,"href":"https:\/\/5digitosproduccion.es\/index.php?rest_route=\/wp\/v2\/users\/1"}],"replies":[{"embeddable":true,"href":"https:\/\/5digitosproduccion.es\/index.php?rest_route=%2Fwp%2Fv2%2Fcomments&post=307"}],"version-history":[{"count":16,"href":"https:\/\/5digitosproduccion.es\/index.php?rest_route=\/wp\/v2\/pages\/307\/revisions"}],"predecessor-version":[{"id":342,"href":"https:\/\/5digitosproduccion.es\/index.php?rest_route=\/wp\/v2\/pages\/307\/revisions\/342"}],"wp:attachment":[{"href":"https:\/\/5digitosproduccion.es\/index.php?rest_route=%2Fwp%2Fv2%2Fmedia&parent=307"}],"curies":[{"name":"wp","href":"https:\/\/api.w.org\/{rel}","templated":true}]}}