{"id":358,"date":"2025-02-07T12:37:48","date_gmt":"2025-02-07T11:37:48","guid":{"rendered":"https:\/\/5digitosproduccion.es\/?page_id=358"},"modified":"2025-02-07T13:27:07","modified_gmt":"2025-02-07T12:27:07","slug":"nuestros-casos-de-exito","status":"publish","type":"page","link":"https:\/\/5digitosproduccion.es\/?page_id=358","title":{"rendered":"Nuestros casos de \u00e9xito"},"content":{"rendered":"<section class=\"l-section wpb_row us_custom_da6afb17 height_medium color_primary with_img parallax_ver parallaxdir_reversed\"><div class=\"l-section-img\" role=\"img\" data-img-width=\"1280\" data-img-height=\"720\" style=\"background-image: url(https:\/\/5digitosproduccion.es\/wp-content\/uploads\/2025\/02\/nosotros_2.jpg);background-repeat: no-repeat;\"><\/div><div class=\"l-section-overlay\" style=\"background:rgba(15,19,31,0.45)\"><\/div><div class=\"l-section-h i-cf\"><div class=\"g-cols vc_row via_grid cols_1 laptops-cols_inherit tablets-cols_inherit mobiles-cols_1 valign_middle type_default stacking_default\" style=\"--gap:0rem;\"><div class=\"wpb_column vc_column_container\"><div class=\"vc_column-inner\"><h1 class=\"w-text us_custom_190d7334 us_animate_this\"><span class=\"w-text-h\"><span class=\"w-text-value\">Nuestros Casos de \u00c9xito<\/span><\/span><\/h1><div class=\"w-separator size_small\"><\/div><div class=\"wpb_text_column us_custom_1970bb68\"><div class=\"wpb_wrapper\"><p>En <b>Gold Marketing<\/b>, nuestro objetivo es ayudar a las empresas a crecer con estrategias digitales personalizadas y efectivas. Aqu\u00ed te presentamos algunos de nuestros casos de \u00e9xito, donde conseguimos resultados reales y medibles para nuestros clientes.<\/p>\n<\/div><\/div><\/div><\/div><\/div><\/div><\/section><section class=\"l-section wpb_row height_medium\"><div class=\"l-section-h i-cf\"><div class=\"g-cols vc_row via_grid cols_1 laptops-cols_inherit tablets-cols_inherit mobiles-cols_1 valign_top type_default stacking_default\"><div class=\"wpb_column vc_column_container\"><div class=\"vc_column-inner\"><div class=\"g-cols wpb_row via_grid cols_2 laptops-cols_inherit tablets-cols_inherit mobiles-cols_1 valign_top type_default stacking_default\" style=\"--gap:3rem;\"><div class=\"wpb_column vc_column_container\"><div class=\"vc_column-inner\"><div class=\"w-image us_custom_33b9ee00 align_none\"><div class=\"w-image-h\"><img loading=\"lazy\" decoding=\"async\" width=\"1024\" height=\"1024\" src=\"https:\/\/5digitosproduccion.es\/wp-content\/uploads\/2025\/02\/Caso-de-exito-IFP-min-1024x1024.jpg\" class=\"attachment-large size-large\" alt=\"\" srcset=\"https:\/\/5digitosproduccion.es\/wp-content\/uploads\/2025\/02\/Caso-de-exito-IFP-min-1024x1024.jpg 1024w, https:\/\/5digitosproduccion.es\/wp-content\/uploads\/2025\/02\/Caso-de-exito-IFP-min-300x300.jpg 300w, https:\/\/5digitosproduccion.es\/wp-content\/uploads\/2025\/02\/Caso-de-exito-IFP-min-150x150.jpg 150w, https:\/\/5digitosproduccion.es\/wp-content\/uploads\/2025\/02\/Caso-de-exito-IFP-min.jpg 1200w\" sizes=\"auto, (max-width: 1024px) 100vw, 1024px\" \/><\/div><\/div><\/div><\/div><div class=\"wpb_column vc_column_container\"><div class=\"vc_column-inner\"><h2 class=\"w-text us_custom_d839199a has_text_color us_animate_this\"><span class=\"w-text-h\"><span class=\"w-text-value\">IFP Formaci\u00f3n Profesional<\/span><\/span><\/h2><div class=\"wpb_text_column\"><div class=\"wpb_wrapper\"><p><strong>Desaf\u00edo:<\/strong><br \/>Llenar las plazas de sus cursos de formaci\u00f3n profesional en un mercado altamente competitivo.<\/p>\n<p><strong>Soluci\u00f3n:<\/strong><br \/>Desarrollamos una estrategia integral de marketing digital que consolid\u00f3 una imagen de marca fuerte y confiable. Implementamos una estrategia de contenidos optimizada, publicidad segmentada y presencia en redes sociales para generar reconocimiento y conversi\u00f3n.<\/p>\n<p class=\"western\"><strong>Resultado:<\/strong><\/p>\n<ul>\n<li><strong>\u00c9xito rotundo<\/strong> en la captaci\u00f3n de alumnos.<\/li>\n<li><strong>Crecimiento exponencial<\/strong> en la demanda de formaci\u00f3n.<\/li>\n<li>La competencia decidi\u00f3 <strong>adquirir el negocio<\/strong> para evitar rivalizar con su posicionamiento.<\/li>\n<\/ul>\n<\/div><\/div><div class=\"w-separator size_small\"><\/div><div class=\"w-text us_custom_4ea1c8c3 has_text_color\"><span class=\"w-text-h\"><span class=\"w-text-value\">\u00bfQuieres obtener estos resultados en tu negocio?<\/span><\/span><\/div><div class=\"w-separator size_small\"><\/div><div class=\"w-btn-wrapper align_left\"><a class=\"w-btn us-btn-style_1 icon_atright\" href=\"\/contacto\"><span class=\"w-btn-label\">\u00a1Hablemos ahora!<\/span><i class=\"fas fa-comments\"><\/i><\/a><\/div><\/div><\/div><\/div><\/div><\/div><\/div><\/div><\/section><section class=\"l-section wpb_row height_medium\"><div class=\"l-section-overlay\" style=\"background:var(--color-content-bg-alt)\"><\/div><div class=\"l-section-h i-cf\"><div class=\"g-cols vc_row via_grid cols_1 laptops-cols_inherit tablets-cols_inherit mobiles-cols_1 valign_top type_default stacking_default\"><div class=\"wpb_column vc_column_container\"><div class=\"vc_column-inner\"><div class=\"g-cols wpb_row via_grid cols_2 laptops-cols_inherit tablets-cols_inherit mobiles-cols_1 valign_top type_default reversed stacking_default\" style=\"--gap:3rem;\"><div class=\"wpb_column vc_column_container\"><div class=\"vc_column-inner\"><h2 class=\"w-text us_custom_d839199a has_text_color us_animate_this\"><span class=\"w-text-h\"><span class=\"w-text-value\">Oncotraining<\/span><\/span><\/h2><div class=\"wpb_text_column\"><div class=\"wpb_wrapper\"><p><strong>Desaf\u00edo:<br \/><\/strong>Lanzar un centro de entrenamiento especializado para pacientes de oncolog\u00eda y posicionarlo en un nicho poco explorado.<\/p>\n<p><strong>Soluci\u00f3n:<\/strong><br \/>Creamos una estrategia de branding y marketing digital basada en la propuesta de valor \u00fanica del cliente. Desarrollamos una identidad de marca s\u00f3lida, optimizamos la web para SEO y dise\u00f1amos campa\u00f1as publicitarias enfocadas en pacientes y profesionales de la salud.<\/p>\n<p><strong>Resultado:<\/strong><\/p>\n<ul>\n<li>Posicionamiento exitoso en el mercado objetivo.<\/li>\n<li>Mayor reconocimiento y confianza en el sector de la salud.<\/li>\n<li>Incremento en la captaci\u00f3n de pacientes y especialistas interesados en el centro.<\/li>\n<\/ul>\n<\/div><\/div><div class=\"w-separator size_small\"><\/div><div class=\"w-text us_custom_4ea1c8c3 has_text_color\"><span class=\"w-text-h\"><span class=\"w-text-value\">\u00bfBuscas posicionar un negocio innovador?<\/span><\/span><\/div><div class=\"w-separator size_small\"><\/div><div class=\"w-btn-wrapper align_left\"><a class=\"w-btn us-btn-style_1 icon_atright\" href=\"\/contacto\"><span class=\"w-btn-label\">Agenda una consulta<\/span><i class=\"fas fa-comments\"><\/i><\/a><\/div><\/div><\/div><div class=\"wpb_column vc_column_container\"><div class=\"vc_column-inner\"><div class=\"w-image align_none\"><div class=\"w-image-h\"><img loading=\"lazy\" decoding=\"async\" width=\"600\" height=\"600\" src=\"https:\/\/5digitosproduccion.es\/wp-content\/uploads\/2025\/02\/Caso-de-exito-Oncotraining-600x600-min.jpg\" class=\"attachment-large size-large\" alt=\"\" srcset=\"https:\/\/5digitosproduccion.es\/wp-content\/uploads\/2025\/02\/Caso-de-exito-Oncotraining-600x600-min.jpg 600w, https:\/\/5digitosproduccion.es\/wp-content\/uploads\/2025\/02\/Caso-de-exito-Oncotraining-600x600-min-300x300.jpg 300w, https:\/\/5digitosproduccion.es\/wp-content\/uploads\/2025\/02\/Caso-de-exito-Oncotraining-600x600-min-150x150.jpg 150w\" sizes=\"auto, (max-width: 600px) 100vw, 600px\" \/><\/div><\/div><\/div><\/div><\/div><\/div><\/div><\/div><\/div><\/section><section class=\"l-section wpb_row height_medium\"><div class=\"l-section-h i-cf\"><div class=\"g-cols vc_row via_grid cols_1 laptops-cols_inherit tablets-cols_inherit mobiles-cols_1 valign_top type_default stacking_default\"><div class=\"wpb_column vc_column_container\"><div class=\"vc_column-inner\"><div class=\"g-cols wpb_row via_grid cols_2 laptops-cols_inherit tablets-cols_inherit mobiles-cols_1 valign_top type_default stacking_default\" style=\"--gap:3rem;\"><div class=\"wpb_column vc_column_container\"><div class=\"vc_column-inner\"><div class=\"w-image align_none\"><div class=\"w-image-h\"><img loading=\"lazy\" decoding=\"async\" width=\"600\" height=\"600\" src=\"https:\/\/5digitosproduccion.es\/wp-content\/uploads\/2025\/02\/Caso-de-exito-Villa-Asesores-600x600-min.jpg\" class=\"attachment-full size-full\" alt=\"\" srcset=\"https:\/\/5digitosproduccion.es\/wp-content\/uploads\/2025\/02\/Caso-de-exito-Villa-Asesores-600x600-min.jpg 600w, https:\/\/5digitosproduccion.es\/wp-content\/uploads\/2025\/02\/Caso-de-exito-Villa-Asesores-600x600-min-300x300.jpg 300w, https:\/\/5digitosproduccion.es\/wp-content\/uploads\/2025\/02\/Caso-de-exito-Villa-Asesores-600x600-min-150x150.jpg 150w\" sizes=\"auto, (max-width: 600px) 100vw, 600px\" \/><\/div><\/div><\/div><\/div><div class=\"wpb_column vc_column_container\"><div class=\"vc_column-inner\"><h2 class=\"w-text us_custom_d839199a has_text_color us_animate_this\"><span class=\"w-text-h\"><span class=\"w-text-value\">La Villa Asesores<\/span><\/span><\/h2><div class=\"wpb_text_column\"><div class=\"wpb_wrapper\"><p><strong>Desaf\u00edo:<\/strong><br \/>Mejorar su visibilidad online y atraer clientes potenciales en un sector con alta competencia.<\/p>\n<p><strong>Soluci\u00f3n:<\/strong><br \/>Implementamos una estrategia combinada de <strong>SEO y gesti\u00f3n de redes sociales<\/strong>, utilizando contenido informativo y optimizaci\u00f3n de palabras clave para atraer pymes y aut\u00f3nomos interesados en asesoramiento financiero y legal.<\/p>\n<p><strong>Resultado:<\/strong><\/p>\n<ul>\n<li><strong>Posicionamiento en el Top 5 de Google<\/strong> en su sector.<\/li>\n<li>Aumento significativo de tr\u00e1fico cualificado a la web.<\/li>\n<li>Incremento notable en la captaci\u00f3n de clientes y consultas.<\/li>\n<\/ul>\n<\/div><\/div><div class=\"w-separator size_small\"><\/div><div class=\"w-text us_custom_4ea1c8c3 has_text_color\"><span class=\"w-text-h\"><span class=\"w-text-value\">\u00bfQuieres mejorar tu posicionamiento y atraer m\u00e1s clientes?<\/span><\/span><\/div><div class=\"w-separator size_small\"><\/div><div class=\"w-btn-wrapper align_left\"><a class=\"w-btn us-btn-style_1 us_custom_1f257949 icon_atright\" href=\"\/contacto\"><span class=\"w-btn-label\">Cont\u00e1ctanos ahora<\/span><i class=\"fas fa-comments\"><\/i><\/a><\/div><\/div><\/div><\/div><\/div><\/div><\/div><\/div><\/section><section class=\"l-section wpb_row height_medium\"><div class=\"l-section-overlay\" style=\"background:var(--color-content-bg-alt)\"><\/div><div class=\"l-section-h i-cf\"><div class=\"g-cols vc_row via_grid cols_1 laptops-cols_inherit tablets-cols_inherit mobiles-cols_1 valign_top type_default stacking_default\"><div class=\"wpb_column vc_column_container\"><div class=\"vc_column-inner\"><h2 class=\"w-text us_custom_932b9e6f us_animate_this\"><span class=\"w-text-h\"><span class=\"w-text-value\">T\u00fa puedes ser nuestro pr\u00f3ximo caso de \u00e9xito<\/span><\/span><\/h2><div class=\"g-cols wpb_row us_custom_15f9d3f2 via_grid cols_1 laptops-cols_inherit tablets-cols_inherit mobiles-cols_1 valign_middle type_default stacking_default\" style=\"--gap:3rem;\"><div class=\"wpb_column vc_column_container\"><div class=\"vc_column-inner\"><div class=\"wpb_text_column us_custom_39d4ab12\"><div class=\"wpb_wrapper\"><p>En <strong>Gold Marketing<\/strong>, creamos estrategias personalizadas que generan <strong>resultados tangibles y crecimiento real<\/strong>. Si quieres mejorar la presencia digital de tu negocio, aumentar tus clientes y destacar en tu sector, estamos aqu\u00ed para ayudarte.<\/p>\n<\/div><\/div><div class=\"w-separator size_small\"><\/div><div class=\"w-text us_custom_9a57393d has_text_color\"><span class=\"w-text-h\"><span class=\"w-text-value\">Solicita una estrategia digital personalizada<\/span><\/span><\/div><div class=\"w-separator size_small\"><\/div><div class=\"w-btn-wrapper align_center\"><a class=\"w-btn us-btn-style_1 icon_atright\" href=\"\/contacto\"><span class=\"w-btn-label\">Solicitar estrategia digital<\/span><i class=\"fas fa-list-ol\"><\/i><\/a><\/div><\/div><\/div><\/div><\/div><\/div><\/div><\/div><\/section>\n","protected":false},"excerpt":{"rendered":"","protected":false},"author":1,"featured_media":0,"parent":0,"menu_order":0,"comment_status":"closed","ping_status":"closed","template":"","meta":{"footnotes":""},"class_list":["post-358","page","type-page","status-publish","hentry"],"_links":{"self":[{"href":"https:\/\/5digitosproduccion.es\/index.php?rest_route=\/wp\/v2\/pages\/358","targetHints":{"allow":["GET"]}}],"collection":[{"href":"https:\/\/5digitosproduccion.es\/index.php?rest_route=\/wp\/v2\/pages"}],"about":[{"href":"https:\/\/5digitosproduccion.es\/index.php?rest_route=\/wp\/v2\/types\/page"}],"author":[{"embeddable":true,"href":"https:\/\/5digitosproduccion.es\/index.php?rest_route=\/wp\/v2\/users\/1"}],"replies":[{"embeddable":true,"href":"https:\/\/5digitosproduccion.es\/index.php?rest_route=%2Fwp%2Fv2%2Fcomments&post=358"}],"version-history":[{"count":27,"href":"https:\/\/5digitosproduccion.es\/index.php?rest_route=\/wp\/v2\/pages\/358\/revisions"}],"predecessor-version":[{"id":388,"href":"https:\/\/5digitosproduccion.es\/index.php?rest_route=\/wp\/v2\/pages\/358\/revisions\/388"}],"wp:attachment":[{"href":"https:\/\/5digitosproduccion.es\/index.php?rest_route=%2Fwp%2Fv2%2Fmedia&parent=358"}],"curies":[{"name":"wp","href":"https:\/\/api.w.org\/{rel}","templated":true}]}}